{"id":3843,"date":"2022-06-09T09:12:07","date_gmt":"2022-06-09T07:12:07","guid":{"rendered":"http:\/\/dev.hdforumitalia.it\/?page_id=3843"},"modified":"2022-06-09T09:12:07","modified_gmt":"2022-06-09T07:12:07","slug":"privacy-policy","status":"publish","type":"page","link":"https:\/\/dev.hdforumitalia.it\/it\/privacy-policy\/","title":{"rendered":"Privacy Policy"},"content":{"rendered":"<p><strong>\u00a0<\/strong><strong>a) <u>Titolare del trattamento<\/u>:<\/strong><\/p>\n<p>Ai sensi della normativa vigente e nel rispetto di quanto previsto dall&#8217;art. 13 del Regolamento UE 2016\/679 del Parlamento europeo e del Consiglio, del 27 aprile 2016, relativo alla protezione delle persone fisiche con riguardo al trattamento dei dati personali, nonch\u00e9 alla libera circolazione di tali dati (di seguito il &#8220;<strong>Regolamento<\/strong>&#8220;) e del Decreto Legislativo n. 196 del 30 giugno 2003 &#8211; <em>Codice in materia di protezione dei dati personali<\/em> (il \u201c<strong>Codice<\/strong>\u201d), ti informiamo che il titolare del trattamento dei tuoi dati \u00e8 HD Forum Italia, con sede c\/o Fondazione Ugo Bordoni in Viale del Policlinico n.147, Roma, C.F. 97441070584 (di seguito l\u2019\u201c<strong>Associazione<\/strong>\u201d o \u201c<strong>HDFI<\/strong>\u201d).<\/p>\n<p><strong>b) <u>Finalit\u00e0 e base giuridica del trattamento dei dati personali<\/u>:<\/strong><\/p>\n<p>I dati che ci stai fornendo mediante la compilazione del modulo elettronico di registrazione ci sono necessari per:<\/p>\n<ol>\n<li style=\"list-style-type: none;\">\n<ol>\n<li>consentire la registrazione al sito <a href=\"http:\/\/dev.hdforumitalia.it\">hdforumitalia.it<\/a> (di seguito il \u201c<strong>Sito<\/strong>\u201d), procedere alla creazione di un <em>account<\/em> personale e garantire l\u2019accesso alle aree e a eventuali agevolazioni riservate agli utenti registrati.Tale processo ti consentir\u00e0 di sfruttare al meglio le potenzialit\u00e0 del Sito, consentendoti di prendere visione dei documenti tecnici elaborati dalla Societ\u00e0 nonch\u00e9 procedere al download degli stessi in formato .pdf (o altro formato di utilizzo comune).Il tuo indirizzo di posta elettronica potr\u00e0 inoltre essere utilizzato per l\u2019invio di eventuali comunicazioni relative alle modalit\u00e0 di utilizzo delle funzionalit\u00e0 del Sito (ad es. conferma dell\u2019avvenuta registrazione, invito a rinnovare le credenziali, ecc.) o per rispondere alle tue richieste.\n<p>&nbsp;<\/p>\n<p>Il trattamento dei tuoi dati personali per la finalit\u00e0 1) pu\u00f2 avvenire senza necessit\u00e0 del tuo consenso sulla base dell\u2019adempimento del rapporto precontrattuale e contrattuale relativo al servizio di registrazione (ai sensi dell\u2019art. 6, comma 1, lett. b) del Regolamento).<\/li>\n<\/ol>\n<\/li>\n<\/ol>\n<p>Inoltre, previa raccolta di idoneo e specifico consenso, i suoi dati saranno trattati da HDFI per:<\/p>\n<ol>\n<li>(limitatamente al tuo indirizzo e-mail) per poterti contattare e tenere aggiornato in merito a convegni, webinar ed eventi organizzati da HD Forum Italia o che vedono la partecipazione dell\u2019Associazione.Per poterti contattare e aggiornarti su convegni, webinar ed eventi organizzati da HD Forum Italia abbiamo bisogno del tuo consenso (ai sensi dell\u2019art. 6, c. 1, lett. a) del Regolamento). Ti ricordiamo che il tuo consenso \u00e8 liberamente revocabile anche mediante utilizzo dell\u2019apposito link presente in tutte le nostre comunicazioni o scrivendo a e-mail: <a href=\"mailto:info@hdforumitalia.it\">info@hdforumitalia.it<\/a>.\n<p>Facciamo presente che, nel caso in cui tu abbia gi\u00e0 partecipato a convegni, webinar ed eventi organizzati, acquistando i nostri servizi, l\u2019Associazione potr\u00e0 procedere, nel rispetto dell\u2019art. 130, c.4 del Codice, all\u2019invio di comunicazioni via posta elettronica per invitarti a in materie analoghe a quello cui ti sei registrato (c.d. \u201csoft spam\u201d), fatta salva la possibilit\u00e0 di opporti sin da ora ed in ogni successiva comunicazione all\u2019invio di tali comunicazioni mediante utilizzo dell\u2019apposito link presente in tutte le nostre comunicazioni o scrivendo all\u2019indirizzo <a href=\"mailto:info@hdforumitalia.it\">info@hdforumitalia.it<\/a>.<\/li>\n<\/ol>\n<p>&nbsp;<\/p>\n<p><strong>c) <u>Quali dati sono richiesti<\/u>:<\/strong><\/p>\n<p>Ti chiediamo di compilare il <em>form<\/em> di registrazione fornendo tutti i dati richiesti come \u201c<em>obbligatori<\/em>\u201d (*) perch\u00e9 necessari alla registrazione al Sito; in caso di mancata o incompleta compilazione non sar\u00e0 possibile completare la registrazione. Qualora tu non intenda fornire il consenso per l\u2019invio delle nostre comunicazioni potrai ugualmente registrarti al Sito.<\/p>\n<p><strong>d) <u>Modalit\u00e0 del trattamento dei dati personali<\/u>:<\/strong><\/p>\n<p>In relazione alle su indicate finalit\u00e0, i tuoi dati saranno trattati mediante procedure, strumenti tecnici e informatici idonei nel rispetto della normativa vigente e, comunque, in modo da a tutelarne la riservatezza e la sicurezza. Il trattamento dei dati consister\u00e0 nella loro raccolta, registrazione, organizzazione, conservazione, consultazione, elaborazione, modificazione, selezione, estrazione, raffronto, utilizzo, blocco, comunicazione, cancellazione, distruzione degli stessi.<\/p>\n<p><strong>e) <u>Trasferimenti extra UE<\/u>:<\/strong><\/p>\n<p>Il Sito \u00e8 registrato, ospitato e gestito in Italia.<\/p>\n<p>Per procedere all\u2019invio di comunicazioni informative, i tuoi dati personali potranno essere oggetto di trasferimento verso Paesi non appartenenti all\u2019Unione Europea, inclusi gli U.S.A..<\/p>\n<p>Il trasferimento dei dati avverr\u00e0 nel pieno rispetto delle garanzie, delle misure e dei diritti previsti dalla normativa privacy (ai sensi degli artt. 45, 46 e 47 del Regolamento). Mediante comunicazione da inviarsi all\u2019indirizzo e-mail <a href=\"mailto:info@hdforumitalia.it\">info@hdforumitalia.it<\/a> potrai ricevere maggiori informazioni sull\u2019esistenza di una decisione di adeguatezza o sulle garanzie appropriate adottate per consentire il trasferimento dei tuoi dati, nonch\u00e9 sui mezzi per ottenere tali dati o il luogo dove sono stati resi disponibili.<\/p>\n<p><strong>f) <u>Periodo di conservazione dei dati personali<\/u>:<\/strong><\/p>\n<p>Nell\u2019ambito delle finalit\u00e0 sopra indicate, i tuoi dati personali verranno conservati dall\u2019Associazione, nel pieno rispetto della disciplina in materia prevista dal Regolamento, per il tempo strettamente necessario a fornirti il servizio richiesto e saranno eliminati o resi anonimi subito dopo (salvi ulteriori obblighi di conservazione previsti dalla legge). In particolare, i dati verranno conservati per la durata della tua registrazione al Sito.<\/p>\n<p>Con riferimento alle comunicazioni informative, i tuoi dati saranno trattati sino alla revoca del consenso. Successivamente, i dati saranno distrutti o resi anonimi.<\/p>\n<p><strong>g) <u>Ambito di conoscibilit\u00e0 dei dati personali (destinatari)<\/u>:<\/strong><\/p>\n<p>I tuoi dati non saranno diffusi. Nell\u2019ambito delle finalit\u00e0 sopra indicate, i tuoi dati personali potranno venire a conoscenza dei seguenti soggetti terzi: (i) la societ\u00e0 incaricata della gestione dei sistemi informativi dell\u2019Associazione; (ii) le societ\u00e0 che erogano servizi strumentali alla gestione del Sito; (iii) le societ\u00e0 che erogano servizi strumentali all\u2019invio di comunicazioni informative (es. fornitori di piattaforme di invio e-mail). L\u2019elenco completo e aggiornato dei responsabili del trattamento nominati da HDFI ai sensi dell\u2019art. 28 del Regolamento pu\u00f2 essere richiesto mediante comunicazione da inviare all\u2019indirizzo <a href=\"mailto:info@hdforumitalia.it\">info@hdforumitalia.it<\/a>.<\/p>\n<p>I tuoi dati verranno a conoscenza (limitatamente al rispettivo ambito di competenza) di personale espressamente autorizzati dall\u2019Associazione, ai sensi dell\u2019art. 29 del Regolamento.<\/p>\n<p><strong>h) <u>Diritti di cui agli artt. 15 e ss. del Regolamento<\/u><\/strong>:<\/p>\n<p>Al fine di garantire un trattamento corretto e trasparente dei tuoi dati, mediante comunicazione da inviarsi all\u2019indirizzo e-mail <a href=\"mailto:info@hdforumitalia.it\">info@hdforumitalia.it<\/a> potrai esercitare i diritti di cui agli artt. 15 e ss. del Regolamento, tra cui, in sintesi, quelli di:<\/p>\n<ul>\n<li><em>ottenere la conferma che sia o meno in corso un trattamento di dati personali che ti riguardano;<\/em><\/li>\n<li><em>ottenere l&#8217;accesso ai tuoi dati personali ed alle informazioni indicate all\u2019art. 15 del Regolamento;<\/em><\/li>\n<li><em>ottenere la rettifica dei dati personali inesatti che ti riguardano senza ingiustificato ritardo o l&#8217;integrazione dei dati personali incompleti;<\/em><\/li>\n<li><em>ottenere la cancellazione dei dati personali che ti riguardano senza ingiustificato ritardo;<\/em><\/li>\n<li><em>ottenere la limitazione del trattamento dei dati personali che ti riguardano;<\/em><\/li>\n<li><em>essere informato delle eventuali rettifiche o cancellazioni o limitazioni del trattamento effettuate in relazione ai dati personali che ti riguardano;<\/em><\/li>\n<li><em>ricevere in un formato strutturato, di uso comune e leggibile da dispositivo automatico i dati personali che ti riguardano;<\/em><\/li>\n<li><em>opporsi in qualsiasi momento, per motivi connessi alla sua situazione particolare, al trattamento dei dati personali che ti riguardano.<\/em><\/li>\n<\/ul>\n<p>Potrai sempre <strong>opporti<\/strong> al trattamento da noi effettuato per finalit\u00e0 di aggiornamento in merito a convegni, webinar ed eventi organizzati da HD Forum Italia.<\/p>\n<p>Il testo integrale dei diritti riconosciuti agli artt. 15 e ss. del Regolamento \u00e8 disponibile su <a href=\"http:\/\/www.garanteprivacy.it\">www.garanteprivacy.it<\/a>.<\/p>\n<p><strong><u>\u00a0<\/u><\/strong><strong>i) <u>Reclamo all\u2019Autorit\u00e0 Garante<\/u>:<\/strong><\/p>\n<p>Ti ricordiamo che, qualora tu ritenga che il trattamento che ti riguarda violi le disposizioni di cui al Regolamento, puoi sempre proporre reclamo all\u2019autorit\u00e0 Garante per la protezione dei dati personali (www.garanteprivacy.it), oppure all\u2019autorit\u00e0 Garante del Paese in cui risiedi abitualmente, lavori oppure del luogo ove si \u00e8 verificata la presunta violazione.<\/p>\n<p><strong>j) <u>Collegamenti ad altri siti<\/u>:<\/strong><\/p>\n<p>La presente informativa \u00e8 fornita solo per il sito <a href=\"http:\/\/dev.hdforumitalia.it\">dev.hdforumitalia.it<\/a> e non anche per altri siti web eventualmente consultati tramite link di collegamento. La Societ\u00e0 non pu\u00f2 essere ritenuta responsabile dei dati personali forniti a soggetti esterni o a eventuali siti web collegati al presente Sito.<\/p>\n<p><strong>k) <u>Trattamento effettuato mediante cookies<\/u>:<\/strong><\/p>\n<p>Per informazioni riguardanti l&#8217;utilizzo dei cookie presenti sul Sito ti invitiamo a prendere visione della nostra <a href=\"http:\/\/dev.hdforumitalia.it\/cookie\/\">cookie policy<\/a>.<\/p>\n<p>&nbsp;<\/p>\n","protected":false},"excerpt":{"rendered":"<p>\u00a0a) Titolare del trattamento: Ai sensi della normativa vigente e nel rispetto di quanto previsto dall&#8217;art. 13 del Regolamento UE 2016\/679 del Parlamento europeo e del Consiglio, del 27 aprile 2016, relativo alla protezione delle persone fisiche con riguardo al trattamento dei dati personali, nonch\u00e9 alla libera circolazione di tali dati (di seguito il &#8220;Regolamento&#8220;)&hellip;<\/p>\n","protected":false},"author":1,"featured_media":0,"parent":0,"menu_order":0,"comment_status":"closed","ping_status":"closed","template":"","meta":{"footnotes":""},"class_list":["post-3843","page","type-page","status-publish","hentry","description-off"],"yoast_head":"<!-- This site is optimized with the Yoast SEO plugin v25.9 - https:\/\/yoast.com\/wordpress\/plugins\/seo\/ -->\n<title>Privacy Policy - HD Forum Italia<\/title>\n<meta name=\"robots\" content=\"index, follow, max-snippet:-1, max-image-preview:large, max-video-preview:-1\" \/>\n<link rel=\"canonical\" href=\"https:\/\/dev.hdforumitalia.it\/it\/privacy-policy\/\" \/>\n<meta property=\"og:locale\" content=\"en_US\" \/>\n<meta property=\"og:type\" content=\"article\" \/>\n<meta property=\"og:title\" content=\"Privacy Policy - HD Forum Italia\" \/>\n<meta property=\"og:description\" content=\"\u00a0a) Titolare del trattamento: Ai sensi della normativa vigente e nel rispetto di quanto previsto dall&#8217;art. 13 del Regolamento UE 2016\/679 del Parlamento europeo e del Consiglio, del 27 aprile 2016, relativo alla protezione delle persone fisiche con riguardo al trattamento dei dati personali, nonch\u00e9 alla libera circolazione di tali dati (di seguito il &#8220;Regolamento&#8220;)&hellip;\" \/>\n<meta property=\"og:url\" content=\"https:\/\/dev.hdforumitalia.it\/it\/privacy-policy\/\" \/>\n<meta property=\"og:site_name\" content=\"HD Forum Italia\" \/>\n<meta name=\"twitter:card\" content=\"summary_large_image\" \/>\n<meta name=\"twitter:label1\" content=\"Est. reading time\" \/>\n\t<meta name=\"twitter:data1\" content=\"6 minutes\" \/>\n<script type=\"application\/ld+json\" class=\"yoast-schema-graph\">{\"@context\":\"https:\/\/schema.org\",\"@graph\":[{\"@type\":\"WebPage\",\"@id\":\"https:\/\/dev.hdforumitalia.it\/it\/privacy-policy\/\",\"url\":\"https:\/\/dev.hdforumitalia.it\/it\/privacy-policy\/\",\"name\":\"Privacy Policy - HD Forum Italia\",\"isPartOf\":{\"@id\":\"https:\/\/dev.hdforumitalia.it\/it\/#website\"},\"datePublished\":\"2022-06-09T07:12:07+00:00\",\"breadcrumb\":{\"@id\":\"https:\/\/dev.hdforumitalia.it\/it\/privacy-policy\/#breadcrumb\"},\"inLanguage\":\"en-US\",\"potentialAction\":[{\"@type\":\"ReadAction\",\"target\":[\"https:\/\/dev.hdforumitalia.it\/it\/privacy-policy\/\"]}]},{\"@type\":\"BreadcrumbList\",\"@id\":\"https:\/\/dev.hdforumitalia.it\/it\/privacy-policy\/#breadcrumb\",\"itemListElement\":[{\"@type\":\"ListItem\",\"position\":1,\"name\":\"Home\",\"item\":\"https:\/\/dev.hdforumitalia.it\/it\/\"},{\"@type\":\"ListItem\",\"position\":2,\"name\":\"Privacy Policy\"}]},{\"@type\":\"WebSite\",\"@id\":\"https:\/\/dev.hdforumitalia.it\/it\/#website\",\"url\":\"https:\/\/dev.hdforumitalia.it\/it\/\",\"name\":\"HD Forum Italia\",\"description\":\"Beyond Definition\",\"publisher\":{\"@id\":\"https:\/\/dev.hdforumitalia.it\/it\/#organization\"},\"potentialAction\":[{\"@type\":\"SearchAction\",\"target\":{\"@type\":\"EntryPoint\",\"urlTemplate\":\"https:\/\/dev.hdforumitalia.it\/it\/?s={search_term_string}\"},\"query-input\":{\"@type\":\"PropertyValueSpecification\",\"valueRequired\":true,\"valueName\":\"search_term_string\"}}],\"inLanguage\":\"en-US\"},{\"@type\":\"Organization\",\"@id\":\"https:\/\/dev.hdforumitalia.it\/it\/#organization\",\"name\":\"HD Forum Italia\",\"url\":\"https:\/\/dev.hdforumitalia.it\/it\/\",\"logo\":{\"@type\":\"ImageObject\",\"inLanguage\":\"en-US\",\"@id\":\"https:\/\/dev.hdforumitalia.it\/it\/#\/schema\/logo\/image\/\",\"url\":\"https:\/\/dev.hdforumitalia.it\/wp-content\/uploads\/2021\/11\/Logo-Ultra-HD-Forum.jpg\",\"contentUrl\":\"https:\/\/dev.hdforumitalia.it\/wp-content\/uploads\/2021\/11\/Logo-Ultra-HD-Forum.jpg\",\"width\":859,\"height\":411,\"caption\":\"HD Forum Italia\"},\"image\":{\"@id\":\"https:\/\/dev.hdforumitalia.it\/it\/#\/schema\/logo\/image\/\"}}]}<\/script>\n<!-- \/ Yoast SEO plugin. -->","yoast_head_json":{"title":"Privacy Policy - HD Forum Italia","robots":{"index":"index","follow":"follow","max-snippet":"max-snippet:-1","max-image-preview":"max-image-preview:large","max-video-preview":"max-video-preview:-1"},"canonical":"https:\/\/dev.hdforumitalia.it\/it\/privacy-policy\/","og_locale":"en_US","og_type":"article","og_title":"Privacy Policy - HD Forum Italia","og_description":"\u00a0a) Titolare del trattamento: Ai sensi della normativa vigente e nel rispetto di quanto previsto dall&#8217;art. 13 del Regolamento UE 2016\/679 del Parlamento europeo e del Consiglio, del 27 aprile 2016, relativo alla protezione delle persone fisiche con riguardo al trattamento dei dati personali, nonch\u00e9 alla libera circolazione di tali dati (di seguito il &#8220;Regolamento&#8220;)&hellip;","og_url":"https:\/\/dev.hdforumitalia.it\/it\/privacy-policy\/","og_site_name":"HD Forum Italia","twitter_card":"summary_large_image","twitter_misc":{"Est. reading time":"6 minutes"},"schema":{"@context":"https:\/\/schema.org","@graph":[{"@type":"WebPage","@id":"https:\/\/dev.hdforumitalia.it\/it\/privacy-policy\/","url":"https:\/\/dev.hdforumitalia.it\/it\/privacy-policy\/","name":"Privacy Policy - HD Forum Italia","isPartOf":{"@id":"https:\/\/dev.hdforumitalia.it\/it\/#website"},"datePublished":"2022-06-09T07:12:07+00:00","breadcrumb":{"@id":"https:\/\/dev.hdforumitalia.it\/it\/privacy-policy\/#breadcrumb"},"inLanguage":"en-US","potentialAction":[{"@type":"ReadAction","target":["https:\/\/dev.hdforumitalia.it\/it\/privacy-policy\/"]}]},{"@type":"BreadcrumbList","@id":"https:\/\/dev.hdforumitalia.it\/it\/privacy-policy\/#breadcrumb","itemListElement":[{"@type":"ListItem","position":1,"name":"Home","item":"https:\/\/dev.hdforumitalia.it\/it\/"},{"@type":"ListItem","position":2,"name":"Privacy Policy"}]},{"@type":"WebSite","@id":"https:\/\/dev.hdforumitalia.it\/it\/#website","url":"https:\/\/dev.hdforumitalia.it\/it\/","name":"HD Forum Italia","description":"Beyond Definition","publisher":{"@id":"https:\/\/dev.hdforumitalia.it\/it\/#organization"},"potentialAction":[{"@type":"SearchAction","target":{"@type":"EntryPoint","urlTemplate":"https:\/\/dev.hdforumitalia.it\/it\/?s={search_term_string}"},"query-input":{"@type":"PropertyValueSpecification","valueRequired":true,"valueName":"search_term_string"}}],"inLanguage":"en-US"},{"@type":"Organization","@id":"https:\/\/dev.hdforumitalia.it\/it\/#organization","name":"HD Forum Italia","url":"https:\/\/dev.hdforumitalia.it\/it\/","logo":{"@type":"ImageObject","inLanguage":"en-US","@id":"https:\/\/dev.hdforumitalia.it\/it\/#\/schema\/logo\/image\/","url":"https:\/\/dev.hdforumitalia.it\/wp-content\/uploads\/2021\/11\/Logo-Ultra-HD-Forum.jpg","contentUrl":"https:\/\/dev.hdforumitalia.it\/wp-content\/uploads\/2021\/11\/Logo-Ultra-HD-Forum.jpg","width":859,"height":411,"caption":"HD Forum Italia"},"image":{"@id":"https:\/\/dev.hdforumitalia.it\/it\/#\/schema\/logo\/image\/"}}]}},"_links":{"self":[{"href":"https:\/\/dev.hdforumitalia.it\/it\/wp-json\/wp\/v2\/pages\/3843","targetHints":{"allow":["GET"]}}],"collection":[{"href":"https:\/\/dev.hdforumitalia.it\/it\/wp-json\/wp\/v2\/pages"}],"about":[{"href":"https:\/\/dev.hdforumitalia.it\/it\/wp-json\/wp\/v2\/types\/page"}],"author":[{"embeddable":true,"href":"https:\/\/dev.hdforumitalia.it\/it\/wp-json\/wp\/v2\/users\/1"}],"replies":[{"embeddable":true,"href":"https:\/\/dev.hdforumitalia.it\/it\/wp-json\/wp\/v2\/comments?post=3843"}],"version-history":[{"count":1,"href":"https:\/\/dev.hdforumitalia.it\/it\/wp-json\/wp\/v2\/pages\/3843\/revisions"}],"predecessor-version":[{"id":3844,"href":"https:\/\/dev.hdforumitalia.it\/it\/wp-json\/wp\/v2\/pages\/3843\/revisions\/3844"}],"wp:attachment":[{"href":"https:\/\/dev.hdforumitalia.it\/it\/wp-json\/wp\/v2\/media?parent=3843"}],"curies":[{"name":"wp","href":"https:\/\/api.w.org\/{rel}","templated":true}]}}