{"id":3092,"date":"2021-10-18T09:25:58","date_gmt":"2021-10-18T07:25:58","guid":{"rendered":"http:\/\/dev.hdforumitalia.it\/?page_id=3092"},"modified":"2021-10-18T09:56:59","modified_gmt":"2021-10-18T07:56:59","slug":"la-tv-del-futuro-schermi-curvi-oled-olografia","status":"publish","type":"page","link":"https:\/\/dev.hdforumitalia.it\/it\/la-tv-del-futuro-schermi-curvi-oled-olografia\/","title":{"rendered":"La TV del futuro: schermi curvi, OLED, olografia"},"content":{"rendered":"\t\t<div data-elementor-type=\"wp-page\" data-elementor-id=\"3092\" class=\"elementor elementor-3092\" data-elementor-post-type=\"page\">\n\t\t\t\t\t\t<section class=\"elementor-section elementor-top-section elementor-element elementor-element-2c0d71f elementor-section-boxed elementor-section-height-default elementor-section-height-default\" data-id=\"2c0d71f\" data-element_type=\"section\">\n\t\t\t\t\t\t<div class=\"elementor-container elementor-column-gap-default\">\n\t\t\t\t\t<div class=\"elementor-column elementor-col-100 elementor-top-column elementor-element elementor-element-3d0eca1\" data-id=\"3d0eca1\" data-element_type=\"column\">\n\t\t\t<div class=\"elementor-widget-wrap elementor-element-populated\">\n\t\t\t\t\t\t<div class=\"elementor-element elementor-element-9a2aa42 elementor-widget elementor-widget-heading\" data-id=\"9a2aa42\" data-element_type=\"widget\" data-widget_type=\"heading.default\">\n\t\t\t\t<div class=\"elementor-widget-container\">\n\t\t\t\t\t<h2 class=\"elementor-heading-title elementor-size-default\">La TV del futuro: schermi curvi, OLED, olografia<\/h2>\t\t\t\t<\/div>\n\t\t\t\t<\/div>\n\t\t\t\t\t<\/div>\n\t\t<\/div>\n\t\t\t\t\t<\/div>\n\t\t<\/section>\n\t\t\t\t<section class=\"elementor-section elementor-top-section elementor-element elementor-element-a09b6ed elementor-section-boxed elementor-section-height-default elementor-section-height-default\" data-id=\"a09b6ed\" data-element_type=\"section\">\n\t\t\t\t\t\t<div class=\"elementor-container elementor-column-gap-default\">\n\t\t\t\t\t<div class=\"elementor-column elementor-col-100 elementor-top-column elementor-element elementor-element-8bfab34\" data-id=\"8bfab34\" data-element_type=\"column\">\n\t\t\t<div class=\"elementor-widget-wrap elementor-element-populated\">\n\t\t\t\t\t\t<div class=\"elementor-element elementor-element-de99fe9 elementor-widget elementor-widget-image\" data-id=\"de99fe9\" data-element_type=\"widget\" data-widget_type=\"image.default\">\n\t\t\t\t<div class=\"elementor-widget-container\">\n\t\t\t\t\t\t\t\t\t\t\t\t\t\t\t<img fetchpriority=\"high\" decoding=\"async\" width=\"750\" height=\"312\" src=\"https:\/\/dev.hdforumitalia.it\/wp-content\/uploads\/2021\/10\/panasonic.jpg\" class=\"attachment-large size-large wp-image-3095\" alt=\"\" srcset=\"https:\/\/dev.hdforumitalia.it\/wp-content\/uploads\/2021\/10\/panasonic.jpg 750w, https:\/\/dev.hdforumitalia.it\/wp-content\/uploads\/2021\/10\/panasonic-300x125.jpg 300w\" sizes=\"(max-width: 750px) 100vw, 750px\" \/>\t\t\t\t\t\t\t\t\t\t\t\t\t\t\t<\/div>\n\t\t\t\t<\/div>\n\t\t\t\t<div class=\"elementor-element elementor-element-ef6f2f8 elementor-widget elementor-widget-text-editor\" data-id=\"ef6f2f8\" data-element_type=\"widget\" data-widget_type=\"text-editor.default\">\n\t\t\t\t<div class=\"elementor-widget-container\">\n\t\t\t\t\t\t\t\t\t<p>Per gentile concessione di Panasonic<\/p>\t\t\t\t\t\t\t\t<\/div>\n\t\t\t\t<\/div>\n\t\t\t\t<div class=\"elementor-element elementor-element-5bd1e26 elementor-widget elementor-widget-text-editor\" data-id=\"5bd1e26\" data-element_type=\"widget\" data-widget_type=\"text-editor.default\">\n\t\t\t\t<div class=\"elementor-widget-container\">\n\t\t\t\t\t\t\t\t\t<p><span style=\"color: #000000;\">Le ultime edizioni del CES di Las Vegas, la pi\u00f9 grande fiera dell\u2019elettronica di consumo, hanno fatto emergere con forza l\u2019attuale tendenza relativa ai televisori: <strong>lo schermo curvo<\/strong>. Una forma che offre un campo visivo pi\u00f9 ampio rispetto allo schermo piatto col suo effetto panoramico rendendo le immagini pi\u00f9 grandi, vivide, realistiche. \u00a0Quelli visti nella fiera americana sono naturalmente schermi giganteschi (oltre i 70 pollici) con definizione 4K, di gamma alta, ma \u00e8 lecito credere che lo schermo curvo costituir\u00e0 la \u201cmoda\u201d prossima ventura per i produttori di televisori.<\/span><\/p><p><span style=\"color: #000000;\">Altra frontiera futura, ma gi\u00e0 di interesse per la maggioranza dei consumatori, \u00e8 la <strong>TV OLED<\/strong>. OLED \u00e8 l\u2019acronimo di <strong>Organic Light Emitting Diode<\/strong> (diodo organico a emissione di luce). Gli schermi realizzati con questa tecnologia, a differenza di quelli a cristalli liquidi, emettono luce propria. Con l\u2019OLED gli schermi sono molto <strong>pi\u00f9 sottili<\/strong>, se non addirittura <strong>pieghevoli<\/strong> (altra meraviglia che il futuro ci riserver\u00e0), e sono <strong>eco-friendly<\/strong>, consumano cio\u00e8 minori quantit\u00e0 di energia. Dal punto di vista della qualit\u00e0 dell\u2019immagine, basti sapere che la TV OLED offre quello che al momento \u00e8 quanto di pi\u00f9 vicino esista all\u2019immagine cinematografica.<\/span><\/p><p><span style=\"color: #000000;\">Il futuro ci offrir\u00e0 altre sorprese sofisticate ed incredibili. Come l\u2019<strong>8K<\/strong>, lo standard che quadruplica le prestazioni del Full HD con una risoluzione <strong>7680\u00d74320 pixel<\/strong>. L\u2019emittente di stato giapponese NHK ha da poco annunciato che intende trasmette in tutto il mondo le <strong>Olimpiadi 2020 di Tokyo<\/strong> in 8K. Per poter raggiungere l\u2019obiettivo, NHK perfezioner\u00e0 la sperimentazione accendendo un canale test in 8K in occasione delle Olimpiadi di Rio de Janeiro nel 2016.<\/span><\/p><p><span style=\"color: #000000;\">Tradizionalmente i grandi eventi sportivi sono il veicolo prediletto per l\u2019introduzione delle innovazioni tecnologiche. Per il 2022, anno dei <strong>campionati calcio<\/strong> nel <strong>Qatar<\/strong>, gi\u00e0 si ipotizza che, sempre grazie alla NHK, avremo a disposizione la TV olografica, ovvero l\u2019<strong>effetto tridimensionale integrale<\/strong>: un\u2019immagine tridimensionale proiettata nello spazio immediatamente di fronte all\u2019utente. Dirlo oggi pare fantascienza, ma potr\u00e0 accadere che nel 2022 andremo in uno stadio italiano e l\u00e0 vedremo trasmessa sul campo la partita che si sta svolgendo nel Qatar a migliaia di chilometri di distanza.<\/span><\/p>\t\t\t\t\t\t\t\t<\/div>\n\t\t\t\t<\/div>\n\t\t\t\t\t<\/div>\n\t\t<\/div>\n\t\t\t\t\t<\/div>\n\t\t<\/section>\n\t\t\t\t<\/div>\n\t\t","protected":false},"excerpt":{"rendered":"<p>La TV del futuro: schermi curvi, OLED, olografia Per gentile concessione di Panasonic Le ultime edizioni del CES di Las Vegas, la pi\u00f9 grande fiera dell\u2019elettronica di consumo, hanno fatto emergere con forza l\u2019attuale tendenza relativa ai televisori: lo schermo curvo. Una forma che offre un campo visivo pi\u00f9 ampio rispetto allo schermo piatto col&hellip;<\/p>\n","protected":false},"author":1,"featured_media":0,"parent":0,"menu_order":0,"comment_status":"closed","ping_status":"closed","template":"","meta":{"footnotes":""},"class_list":["post-3092","page","type-page","status-publish","hentry"],"yoast_head":"<!-- This site is optimized with the Yoast SEO plugin v25.9 - https:\/\/yoast.com\/wordpress\/plugins\/seo\/ -->\n<title>La TV del futuro: schermi curvi, OLED, olografia - HD Forum Italia<\/title>\n<meta name=\"robots\" content=\"index, follow, max-snippet:-1, max-image-preview:large, max-video-preview:-1\" \/>\n<link rel=\"canonical\" href=\"https:\/\/dev.hdforumitalia.it\/it\/la-tv-del-futuro-schermi-curvi-oled-olografia\/\" \/>\n<meta property=\"og:locale\" content=\"en_US\" \/>\n<meta property=\"og:type\" content=\"article\" \/>\n<meta property=\"og:title\" content=\"La TV del futuro: schermi curvi, OLED, olografia - HD Forum Italia\" \/>\n<meta property=\"og:description\" content=\"La TV del futuro: schermi curvi, OLED, olografia Per gentile concessione di Panasonic Le ultime edizioni del CES di Las Vegas, la pi\u00f9 grande fiera dell\u2019elettronica di consumo, hanno fatto emergere con forza l\u2019attuale tendenza relativa ai televisori: lo schermo curvo. Una forma che offre un campo visivo pi\u00f9 ampio rispetto allo schermo piatto col&hellip;\" \/>\n<meta property=\"og:url\" content=\"https:\/\/dev.hdforumitalia.it\/it\/la-tv-del-futuro-schermi-curvi-oled-olografia\/\" \/>\n<meta property=\"og:site_name\" content=\"HD Forum Italia\" \/>\n<meta property=\"article:modified_time\" content=\"2021-10-18T07:56:59+00:00\" \/>\n<meta property=\"og:image\" content=\"http:\/\/dev.hdforumitalia.it\/wp-content\/uploads\/2021\/10\/panasonic.jpg\" \/>\n<meta name=\"twitter:card\" content=\"summary_large_image\" \/>\n<meta name=\"twitter:label1\" content=\"Est. reading time\" \/>\n\t<meta name=\"twitter:data1\" content=\"2 minutes\" \/>\n<script type=\"application\/ld+json\" class=\"yoast-schema-graph\">{\"@context\":\"https:\/\/schema.org\",\"@graph\":[{\"@type\":\"WebPage\",\"@id\":\"https:\/\/dev.hdforumitalia.it\/it\/la-tv-del-futuro-schermi-curvi-oled-olografia\/\",\"url\":\"https:\/\/dev.hdforumitalia.it\/it\/la-tv-del-futuro-schermi-curvi-oled-olografia\/\",\"name\":\"La TV del futuro: schermi curvi, OLED, olografia - HD Forum Italia\",\"isPartOf\":{\"@id\":\"https:\/\/dev.hdforumitalia.it\/it\/#website\"},\"primaryImageOfPage\":{\"@id\":\"https:\/\/dev.hdforumitalia.it\/it\/la-tv-del-futuro-schermi-curvi-oled-olografia\/#primaryimage\"},\"image\":{\"@id\":\"https:\/\/dev.hdforumitalia.it\/it\/la-tv-del-futuro-schermi-curvi-oled-olografia\/#primaryimage\"},\"thumbnailUrl\":\"http:\/\/dev.hdforumitalia.it\/wp-content\/uploads\/2021\/10\/panasonic.jpg\",\"datePublished\":\"2021-10-18T07:25:58+00:00\",\"dateModified\":\"2021-10-18T07:56:59+00:00\",\"breadcrumb\":{\"@id\":\"https:\/\/dev.hdforumitalia.it\/it\/la-tv-del-futuro-schermi-curvi-oled-olografia\/#breadcrumb\"},\"inLanguage\":\"en-US\",\"potentialAction\":[{\"@type\":\"ReadAction\",\"target\":[\"https:\/\/dev.hdforumitalia.it\/it\/la-tv-del-futuro-schermi-curvi-oled-olografia\/\"]}]},{\"@type\":\"ImageObject\",\"inLanguage\":\"en-US\",\"@id\":\"https:\/\/dev.hdforumitalia.it\/it\/la-tv-del-futuro-schermi-curvi-oled-olografia\/#primaryimage\",\"url\":\"http:\/\/dev.hdforumitalia.it\/wp-content\/uploads\/2021\/10\/panasonic.jpg\",\"contentUrl\":\"http:\/\/dev.hdforumitalia.it\/wp-content\/uploads\/2021\/10\/panasonic.jpg\"},{\"@type\":\"BreadcrumbList\",\"@id\":\"https:\/\/dev.hdforumitalia.it\/it\/la-tv-del-futuro-schermi-curvi-oled-olografia\/#breadcrumb\",\"itemListElement\":[{\"@type\":\"ListItem\",\"position\":1,\"name\":\"Home\",\"item\":\"https:\/\/dev.hdforumitalia.it\/it\/\"},{\"@type\":\"ListItem\",\"position\":2,\"name\":\"La TV del futuro: schermi curvi, OLED, olografia\"}]},{\"@type\":\"WebSite\",\"@id\":\"https:\/\/dev.hdforumitalia.it\/it\/#website\",\"url\":\"https:\/\/dev.hdforumitalia.it\/it\/\",\"name\":\"HD Forum Italia\",\"description\":\"Beyond Definition\",\"publisher\":{\"@id\":\"https:\/\/dev.hdforumitalia.it\/it\/#organization\"},\"potentialAction\":[{\"@type\":\"SearchAction\",\"target\":{\"@type\":\"EntryPoint\",\"urlTemplate\":\"https:\/\/dev.hdforumitalia.it\/it\/?s={search_term_string}\"},\"query-input\":{\"@type\":\"PropertyValueSpecification\",\"valueRequired\":true,\"valueName\":\"search_term_string\"}}],\"inLanguage\":\"en-US\"},{\"@type\":\"Organization\",\"@id\":\"https:\/\/dev.hdforumitalia.it\/it\/#organization\",\"name\":\"HD Forum Italia\",\"url\":\"https:\/\/dev.hdforumitalia.it\/it\/\",\"logo\":{\"@type\":\"ImageObject\",\"inLanguage\":\"en-US\",\"@id\":\"https:\/\/dev.hdforumitalia.it\/it\/#\/schema\/logo\/image\/\",\"url\":\"https:\/\/dev.hdforumitalia.it\/wp-content\/uploads\/2021\/11\/Logo-Ultra-HD-Forum.jpg\",\"contentUrl\":\"https:\/\/dev.hdforumitalia.it\/wp-content\/uploads\/2021\/11\/Logo-Ultra-HD-Forum.jpg\",\"width\":859,\"height\":411,\"caption\":\"HD Forum Italia\"},\"image\":{\"@id\":\"https:\/\/dev.hdforumitalia.it\/it\/#\/schema\/logo\/image\/\"}}]}<\/script>\n<!-- \/ Yoast SEO plugin. -->","yoast_head_json":{"title":"La TV del futuro: schermi curvi, OLED, olografia - HD Forum Italia","robots":{"index":"index","follow":"follow","max-snippet":"max-snippet:-1","max-image-preview":"max-image-preview:large","max-video-preview":"max-video-preview:-1"},"canonical":"https:\/\/dev.hdforumitalia.it\/it\/la-tv-del-futuro-schermi-curvi-oled-olografia\/","og_locale":"en_US","og_type":"article","og_title":"La TV del futuro: schermi curvi, OLED, olografia - HD Forum Italia","og_description":"La TV del futuro: schermi curvi, OLED, olografia Per gentile concessione di Panasonic Le ultime edizioni del CES di Las Vegas, la pi\u00f9 grande fiera dell\u2019elettronica di consumo, hanno fatto emergere con forza l\u2019attuale tendenza relativa ai televisori: lo schermo curvo. Una forma che offre un campo visivo pi\u00f9 ampio rispetto allo schermo piatto col&hellip;","og_url":"https:\/\/dev.hdforumitalia.it\/it\/la-tv-del-futuro-schermi-curvi-oled-olografia\/","og_site_name":"HD Forum Italia","article_modified_time":"2021-10-18T07:56:59+00:00","og_image":[{"url":"http:\/\/dev.hdforumitalia.it\/wp-content\/uploads\/2021\/10\/panasonic.jpg","type":"","width":"","height":""}],"twitter_card":"summary_large_image","twitter_misc":{"Est. reading time":"2 minutes"},"schema":{"@context":"https:\/\/schema.org","@graph":[{"@type":"WebPage","@id":"https:\/\/dev.hdforumitalia.it\/it\/la-tv-del-futuro-schermi-curvi-oled-olografia\/","url":"https:\/\/dev.hdforumitalia.it\/it\/la-tv-del-futuro-schermi-curvi-oled-olografia\/","name":"La TV del futuro: schermi curvi, OLED, olografia - HD Forum Italia","isPartOf":{"@id":"https:\/\/dev.hdforumitalia.it\/it\/#website"},"primaryImageOfPage":{"@id":"https:\/\/dev.hdforumitalia.it\/it\/la-tv-del-futuro-schermi-curvi-oled-olografia\/#primaryimage"},"image":{"@id":"https:\/\/dev.hdforumitalia.it\/it\/la-tv-del-futuro-schermi-curvi-oled-olografia\/#primaryimage"},"thumbnailUrl":"http:\/\/dev.hdforumitalia.it\/wp-content\/uploads\/2021\/10\/panasonic.jpg","datePublished":"2021-10-18T07:25:58+00:00","dateModified":"2021-10-18T07:56:59+00:00","breadcrumb":{"@id":"https:\/\/dev.hdforumitalia.it\/it\/la-tv-del-futuro-schermi-curvi-oled-olografia\/#breadcrumb"},"inLanguage":"en-US","potentialAction":[{"@type":"ReadAction","target":["https:\/\/dev.hdforumitalia.it\/it\/la-tv-del-futuro-schermi-curvi-oled-olografia\/"]}]},{"@type":"ImageObject","inLanguage":"en-US","@id":"https:\/\/dev.hdforumitalia.it\/it\/la-tv-del-futuro-schermi-curvi-oled-olografia\/#primaryimage","url":"http:\/\/dev.hdforumitalia.it\/wp-content\/uploads\/2021\/10\/panasonic.jpg","contentUrl":"http:\/\/dev.hdforumitalia.it\/wp-content\/uploads\/2021\/10\/panasonic.jpg"},{"@type":"BreadcrumbList","@id":"https:\/\/dev.hdforumitalia.it\/it\/la-tv-del-futuro-schermi-curvi-oled-olografia\/#breadcrumb","itemListElement":[{"@type":"ListItem","position":1,"name":"Home","item":"https:\/\/dev.hdforumitalia.it\/it\/"},{"@type":"ListItem","position":2,"name":"La TV del futuro: schermi curvi, OLED, olografia"}]},{"@type":"WebSite","@id":"https:\/\/dev.hdforumitalia.it\/it\/#website","url":"https:\/\/dev.hdforumitalia.it\/it\/","name":"HD Forum Italia","description":"Beyond Definition","publisher":{"@id":"https:\/\/dev.hdforumitalia.it\/it\/#organization"},"potentialAction":[{"@type":"SearchAction","target":{"@type":"EntryPoint","urlTemplate":"https:\/\/dev.hdforumitalia.it\/it\/?s={search_term_string}"},"query-input":{"@type":"PropertyValueSpecification","valueRequired":true,"valueName":"search_term_string"}}],"inLanguage":"en-US"},{"@type":"Organization","@id":"https:\/\/dev.hdforumitalia.it\/it\/#organization","name":"HD Forum Italia","url":"https:\/\/dev.hdforumitalia.it\/it\/","logo":{"@type":"ImageObject","inLanguage":"en-US","@id":"https:\/\/dev.hdforumitalia.it\/it\/#\/schema\/logo\/image\/","url":"https:\/\/dev.hdforumitalia.it\/wp-content\/uploads\/2021\/11\/Logo-Ultra-HD-Forum.jpg","contentUrl":"https:\/\/dev.hdforumitalia.it\/wp-content\/uploads\/2021\/11\/Logo-Ultra-HD-Forum.jpg","width":859,"height":411,"caption":"HD Forum Italia"},"image":{"@id":"https:\/\/dev.hdforumitalia.it\/it\/#\/schema\/logo\/image\/"}}]}},"_links":{"self":[{"href":"https:\/\/dev.hdforumitalia.it\/it\/wp-json\/wp\/v2\/pages\/3092","targetHints":{"allow":["GET"]}}],"collection":[{"href":"https:\/\/dev.hdforumitalia.it\/it\/wp-json\/wp\/v2\/pages"}],"about":[{"href":"https:\/\/dev.hdforumitalia.it\/it\/wp-json\/wp\/v2\/types\/page"}],"author":[{"embeddable":true,"href":"https:\/\/dev.hdforumitalia.it\/it\/wp-json\/wp\/v2\/users\/1"}],"replies":[{"embeddable":true,"href":"https:\/\/dev.hdforumitalia.it\/it\/wp-json\/wp\/v2\/comments?post=3092"}],"version-history":[{"count":7,"href":"https:\/\/dev.hdforumitalia.it\/it\/wp-json\/wp\/v2\/pages\/3092\/revisions"}],"predecessor-version":[{"id":3135,"href":"https:\/\/dev.hdforumitalia.it\/it\/wp-json\/wp\/v2\/pages\/3092\/revisions\/3135"}],"wp:attachment":[{"href":"https:\/\/dev.hdforumitalia.it\/it\/wp-json\/wp\/v2\/media?parent=3092"}],"curies":[{"name":"wp","href":"https:\/\/api.w.org\/{rel}","templated":true}]}}