{"id":3077,"date":"2021-10-18T09:21:42","date_gmt":"2021-10-18T07:21:42","guid":{"rendered":"http:\/\/dev.hdforumitalia.it\/?page_id=3077"},"modified":"2023-10-29T12:52:06","modified_gmt":"2023-10-29T11:52:06","slug":"second-screen-la-convergenza-dei-device-e-dei-linguaggi","status":"publish","type":"page","link":"https:\/\/dev.hdforumitalia.it\/it\/second-screen-la-convergenza-dei-device-e-dei-linguaggi\/","title":{"rendered":"Second screen, la convergenza dei device e dei linguaggi"},"content":{"rendered":"\t\t<div data-elementor-type=\"wp-page\" data-elementor-id=\"3077\" class=\"elementor elementor-3077\" data-elementor-post-type=\"page\">\n\t\t\t\t\t\t<section class=\"elementor-section elementor-top-section elementor-element elementor-element-4d9075a elementor-section-boxed elementor-section-height-default elementor-section-height-default\" data-id=\"4d9075a\" data-element_type=\"section\">\n\t\t\t\t\t\t<div class=\"elementor-container elementor-column-gap-default\">\n\t\t\t\t\t<div class=\"elementor-column elementor-col-100 elementor-top-column elementor-element elementor-element-2a27054\" data-id=\"2a27054\" data-element_type=\"column\">\n\t\t\t<div class=\"elementor-widget-wrap elementor-element-populated\">\n\t\t\t\t\t\t<div class=\"elementor-element elementor-element-f2fbe35 elementor-widget elementor-widget-heading\" data-id=\"f2fbe35\" data-element_type=\"widget\" data-widget_type=\"heading.default\">\n\t\t\t\t<div class=\"elementor-widget-container\">\n\t\t\t\t\t<h2 class=\"elementor-heading-title elementor-size-default\">Second screen, la convergenza dei device e dei linguaggi<\/h2>\t\t\t\t<\/div>\n\t\t\t\t<\/div>\n\t\t\t\t<div class=\"elementor-element elementor-element-ce5d593 elementor-widget elementor-widget-text-editor\" data-id=\"ce5d593\" data-element_type=\"widget\" data-widget_type=\"text-editor.default\">\n\t\t\t\t<div class=\"elementor-widget-container\">\n\t\t\t\t\t\t\t\t\t<div>\n<div>\n<p><span style=\"color: #000000;\">Secondo terminologia codificata<\/span><span><span style=\"font-size: 12pt; color: rgb(0, 0, 0); background-color: transparent; font-variant-numeric: normal; font-variant-east-asian: normal; font-variant-alternates: normal; font-variant-position: normal; vertical-align: baseline; white-space-collapse: preserve;\">, per <b>Second Screen<\/b> si intendono tutti i dispositivi diversi dal televisore \u2013 come tablet, smartphone o personal computer \u2013 attraverso cui l\u2019utente accede a contenuti audiovisivi o a servizi in grado di integrare o arricchire la fruizione dei programmi TV (ad esempio i social media)<\/span><\/span><span style=\"color: #000000;\">.<\/span><\/p>\n<p><span style=\"background-color: transparent; color: rgb(0, 0, 0); font-size: 12pt; white-space-collapse: preserve; font-family: var( --e-global-typography-text-font-family ), Sans-serif; font-weight: var( --e-global-typography-text-font-weight ); letter-spacing: var(--the7-base-letter-spacing); text-transform: var(--the7-base-text-transform); word-spacing: normal;\">Il Second Screen \u00e8 un\u2019evoluzione nell\u2019ecosistema multimediale che ha ormai rivoluzionato il modo di fare e di guardare la televisione. La metamorfosi della TV non solo si sta concretizzando attraverso la qualit\u00e0 dell\u2019immagine con l\u2019Alta Definizione o l\u2019UltraHD, ma risiede anche nella moltiplicazione degli schermi, e il Second Screen ne \u00e8 la dimostrazione pi\u00f9 evidente. Gli osservatori pi\u00f9 attenti fanno notare che non si tratta solo di un fenomeno generazionale: se per i cosiddetti \u201cnativi digitali\u201d, il Second Screen \u00e8 ormai un&#8230; First Screen, mezzo prediletto per vedere i contenuti e condividere l\u2019esperienza in rete, l\u2019utilizzo simultaneo di tablet o smartphone mentre si guarda la televisione sta divenendo un fenomeno di larga diffusione per una larga parte del pubblico televisivo.<\/span><\/p><p><span><span style=\"font-size: 12pt; color: rgb(0, 0, 0); background-color: transparent; font-variant-numeric: normal; font-variant-east-asian: normal; font-variant-alternates: normal; font-variant-position: normal; vertical-align: baseline; white-space-collapse: preserve;\">Per i broadcaster \u201cclassici\u201d una sfida in pi\u00f9: non solo dal punto di vista tecnico, ma <b>anche da quello editoriale<\/b>. Per risultare pi\u00f9 accattivante per il pubblico, e pi\u00f9 interessante per gli inserzionisti pubblicitari, un programma dovr\u00e0 prevedere, oltre a uno svolgimento televisivo classico, anche un <b>secondo livello di fruizione<\/b>, contemporaneo o meno, non lineare, multimediale e possibilmente interattivo, che viaggi su un Second Screen.<\/span><\/span><span style=\"background-color: transparent; color: rgb(0, 0, 0); font-size: 12pt; white-space-collapse: preserve; font-family: var( --e-global-typography-text-font-family ), Sans-serif; font-weight: var( --e-global-typography-text-font-weight ); letter-spacing: var(--the7-base-letter-spacing); text-transform: var(--the7-base-text-transform); word-spacing: normal;\"><br><\/span><\/p>\n<\/div>\n<\/div>\t\t\t\t\t\t\t\t<\/div>\n\t\t\t\t<\/div>\n\t\t\t\t\t<\/div>\n\t\t<\/div>\n\t\t\t\t\t<\/div>\n\t\t<\/section>\n\t\t\t\t<\/div>\n\t\t","protected":false},"excerpt":{"rendered":"<p>Second screen, la convergenza dei device e dei linguaggi Secondo terminologia codificata, per Second Screen si intendono tutti i dispositivi diversi dal televisore \u2013 come tablet, smartphone o personal computer \u2013 attraverso cui l\u2019utente accede a contenuti audiovisivi o a servizi in grado di integrare o arricchire la fruizione dei programmi TV (ad esempio i&hellip;<\/p>\n","protected":false},"author":1,"featured_media":0,"parent":0,"menu_order":0,"comment_status":"closed","ping_status":"closed","template":"","meta":{"footnotes":""},"class_list":["post-3077","page","type-page","status-publish","hentry"],"yoast_head":"<!-- This site is optimized with the Yoast SEO plugin v25.9 - https:\/\/yoast.com\/wordpress\/plugins\/seo\/ -->\n<title>Second screen, la convergenza dei device e dei linguaggi - HD Forum Italia<\/title>\n<meta name=\"robots\" content=\"index, follow, max-snippet:-1, max-image-preview:large, max-video-preview:-1\" \/>\n<link rel=\"canonical\" href=\"https:\/\/dev.hdforumitalia.it\/it\/second-screen-la-convergenza-dei-device-e-dei-linguaggi\/\" \/>\n<meta property=\"og:locale\" content=\"en_US\" \/>\n<meta property=\"og:type\" content=\"article\" \/>\n<meta property=\"og:title\" content=\"Second screen, la convergenza dei device e dei linguaggi - HD Forum Italia\" \/>\n<meta property=\"og:description\" content=\"Second screen, la convergenza dei device e dei linguaggi Secondo terminologia codificata, per Second Screen si intendono tutti i dispositivi diversi dal televisore \u2013 come tablet, smartphone o personal computer \u2013 attraverso cui l\u2019utente accede a contenuti audiovisivi o a servizi in grado di integrare o arricchire la fruizione dei programmi TV (ad esempio i&hellip;\" \/>\n<meta property=\"og:url\" content=\"https:\/\/dev.hdforumitalia.it\/it\/second-screen-la-convergenza-dei-device-e-dei-linguaggi\/\" \/>\n<meta property=\"og:site_name\" content=\"HD Forum Italia\" \/>\n<meta property=\"article:modified_time\" content=\"2023-10-29T11:52:06+00:00\" \/>\n<meta name=\"twitter:card\" content=\"summary_large_image\" \/>\n<meta name=\"twitter:label1\" content=\"Est. reading time\" \/>\n\t<meta name=\"twitter:data1\" content=\"2 minutes\" \/>\n<script type=\"application\/ld+json\" class=\"yoast-schema-graph\">{\"@context\":\"https:\/\/schema.org\",\"@graph\":[{\"@type\":\"WebPage\",\"@id\":\"https:\/\/dev.hdforumitalia.it\/it\/second-screen-la-convergenza-dei-device-e-dei-linguaggi\/\",\"url\":\"https:\/\/dev.hdforumitalia.it\/it\/second-screen-la-convergenza-dei-device-e-dei-linguaggi\/\",\"name\":\"Second screen, la convergenza dei device e dei linguaggi - HD Forum Italia\",\"isPartOf\":{\"@id\":\"https:\/\/dev.hdforumitalia.it\/it\/#website\"},\"datePublished\":\"2021-10-18T07:21:42+00:00\",\"dateModified\":\"2023-10-29T11:52:06+00:00\",\"breadcrumb\":{\"@id\":\"https:\/\/dev.hdforumitalia.it\/it\/second-screen-la-convergenza-dei-device-e-dei-linguaggi\/#breadcrumb\"},\"inLanguage\":\"en-US\",\"potentialAction\":[{\"@type\":\"ReadAction\",\"target\":[\"https:\/\/dev.hdforumitalia.it\/it\/second-screen-la-convergenza-dei-device-e-dei-linguaggi\/\"]}]},{\"@type\":\"BreadcrumbList\",\"@id\":\"https:\/\/dev.hdforumitalia.it\/it\/second-screen-la-convergenza-dei-device-e-dei-linguaggi\/#breadcrumb\",\"itemListElement\":[{\"@type\":\"ListItem\",\"position\":1,\"name\":\"Home\",\"item\":\"https:\/\/dev.hdforumitalia.it\/it\/\"},{\"@type\":\"ListItem\",\"position\":2,\"name\":\"Second screen, la convergenza dei device e dei linguaggi\"}]},{\"@type\":\"WebSite\",\"@id\":\"https:\/\/dev.hdforumitalia.it\/it\/#website\",\"url\":\"https:\/\/dev.hdforumitalia.it\/it\/\",\"name\":\"HD Forum Italia\",\"description\":\"Beyond Definition\",\"publisher\":{\"@id\":\"https:\/\/dev.hdforumitalia.it\/it\/#organization\"},\"potentialAction\":[{\"@type\":\"SearchAction\",\"target\":{\"@type\":\"EntryPoint\",\"urlTemplate\":\"https:\/\/dev.hdforumitalia.it\/it\/?s={search_term_string}\"},\"query-input\":{\"@type\":\"PropertyValueSpecification\",\"valueRequired\":true,\"valueName\":\"search_term_string\"}}],\"inLanguage\":\"en-US\"},{\"@type\":\"Organization\",\"@id\":\"https:\/\/dev.hdforumitalia.it\/it\/#organization\",\"name\":\"HD Forum Italia\",\"url\":\"https:\/\/dev.hdforumitalia.it\/it\/\",\"logo\":{\"@type\":\"ImageObject\",\"inLanguage\":\"en-US\",\"@id\":\"https:\/\/dev.hdforumitalia.it\/it\/#\/schema\/logo\/image\/\",\"url\":\"https:\/\/dev.hdforumitalia.it\/wp-content\/uploads\/2021\/11\/Logo-Ultra-HD-Forum.jpg\",\"contentUrl\":\"https:\/\/dev.hdforumitalia.it\/wp-content\/uploads\/2021\/11\/Logo-Ultra-HD-Forum.jpg\",\"width\":859,\"height\":411,\"caption\":\"HD Forum Italia\"},\"image\":{\"@id\":\"https:\/\/dev.hdforumitalia.it\/it\/#\/schema\/logo\/image\/\"}}]}<\/script>\n<!-- \/ Yoast SEO plugin. -->","yoast_head_json":{"title":"Second screen, la convergenza dei device e dei linguaggi - HD Forum Italia","robots":{"index":"index","follow":"follow","max-snippet":"max-snippet:-1","max-image-preview":"max-image-preview:large","max-video-preview":"max-video-preview:-1"},"canonical":"https:\/\/dev.hdforumitalia.it\/it\/second-screen-la-convergenza-dei-device-e-dei-linguaggi\/","og_locale":"en_US","og_type":"article","og_title":"Second screen, la convergenza dei device e dei linguaggi - HD Forum Italia","og_description":"Second screen, la convergenza dei device e dei linguaggi Secondo terminologia codificata, per Second Screen si intendono tutti i dispositivi diversi dal televisore \u2013 come tablet, smartphone o personal computer \u2013 attraverso cui l\u2019utente accede a contenuti audiovisivi o a servizi in grado di integrare o arricchire la fruizione dei programmi TV (ad esempio i&hellip;","og_url":"https:\/\/dev.hdforumitalia.it\/it\/second-screen-la-convergenza-dei-device-e-dei-linguaggi\/","og_site_name":"HD Forum Italia","article_modified_time":"2023-10-29T11:52:06+00:00","twitter_card":"summary_large_image","twitter_misc":{"Est. reading time":"2 minutes"},"schema":{"@context":"https:\/\/schema.org","@graph":[{"@type":"WebPage","@id":"https:\/\/dev.hdforumitalia.it\/it\/second-screen-la-convergenza-dei-device-e-dei-linguaggi\/","url":"https:\/\/dev.hdforumitalia.it\/it\/second-screen-la-convergenza-dei-device-e-dei-linguaggi\/","name":"Second screen, la convergenza dei device e dei linguaggi - HD Forum Italia","isPartOf":{"@id":"https:\/\/dev.hdforumitalia.it\/it\/#website"},"datePublished":"2021-10-18T07:21:42+00:00","dateModified":"2023-10-29T11:52:06+00:00","breadcrumb":{"@id":"https:\/\/dev.hdforumitalia.it\/it\/second-screen-la-convergenza-dei-device-e-dei-linguaggi\/#breadcrumb"},"inLanguage":"en-US","potentialAction":[{"@type":"ReadAction","target":["https:\/\/dev.hdforumitalia.it\/it\/second-screen-la-convergenza-dei-device-e-dei-linguaggi\/"]}]},{"@type":"BreadcrumbList","@id":"https:\/\/dev.hdforumitalia.it\/it\/second-screen-la-convergenza-dei-device-e-dei-linguaggi\/#breadcrumb","itemListElement":[{"@type":"ListItem","position":1,"name":"Home","item":"https:\/\/dev.hdforumitalia.it\/it\/"},{"@type":"ListItem","position":2,"name":"Second screen, la convergenza dei device e dei linguaggi"}]},{"@type":"WebSite","@id":"https:\/\/dev.hdforumitalia.it\/it\/#website","url":"https:\/\/dev.hdforumitalia.it\/it\/","name":"HD Forum Italia","description":"Beyond Definition","publisher":{"@id":"https:\/\/dev.hdforumitalia.it\/it\/#organization"},"potentialAction":[{"@type":"SearchAction","target":{"@type":"EntryPoint","urlTemplate":"https:\/\/dev.hdforumitalia.it\/it\/?s={search_term_string}"},"query-input":{"@type":"PropertyValueSpecification","valueRequired":true,"valueName":"search_term_string"}}],"inLanguage":"en-US"},{"@type":"Organization","@id":"https:\/\/dev.hdforumitalia.it\/it\/#organization","name":"HD Forum Italia","url":"https:\/\/dev.hdforumitalia.it\/it\/","logo":{"@type":"ImageObject","inLanguage":"en-US","@id":"https:\/\/dev.hdforumitalia.it\/it\/#\/schema\/logo\/image\/","url":"https:\/\/dev.hdforumitalia.it\/wp-content\/uploads\/2021\/11\/Logo-Ultra-HD-Forum.jpg","contentUrl":"https:\/\/dev.hdforumitalia.it\/wp-content\/uploads\/2021\/11\/Logo-Ultra-HD-Forum.jpg","width":859,"height":411,"caption":"HD Forum Italia"},"image":{"@id":"https:\/\/dev.hdforumitalia.it\/it\/#\/schema\/logo\/image\/"}}]}},"_links":{"self":[{"href":"https:\/\/dev.hdforumitalia.it\/it\/wp-json\/wp\/v2\/pages\/3077","targetHints":{"allow":["GET"]}}],"collection":[{"href":"https:\/\/dev.hdforumitalia.it\/it\/wp-json\/wp\/v2\/pages"}],"about":[{"href":"https:\/\/dev.hdforumitalia.it\/it\/wp-json\/wp\/v2\/types\/page"}],"author":[{"embeddable":true,"href":"https:\/\/dev.hdforumitalia.it\/it\/wp-json\/wp\/v2\/users\/1"}],"replies":[{"embeddable":true,"href":"https:\/\/dev.hdforumitalia.it\/it\/wp-json\/wp\/v2\/comments?post=3077"}],"version-history":[{"count":7,"href":"https:\/\/dev.hdforumitalia.it\/it\/wp-json\/wp\/v2\/pages\/3077\/revisions"}],"predecessor-version":[{"id":8057,"href":"https:\/\/dev.hdforumitalia.it\/it\/wp-json\/wp\/v2\/pages\/3077\/revisions\/8057"}],"wp:attachment":[{"href":"https:\/\/dev.hdforumitalia.it\/it\/wp-json\/wp\/v2\/media?parent=3077"}],"curies":[{"name":"wp","href":"https:\/\/api.w.org\/{rel}","templated":true}]}}