{"id":3069,"date":"2021-10-18T09:18:36","date_gmt":"2021-10-18T07:18:36","guid":{"rendered":"http:\/\/dev.hdforumitalia.it\/?page_id=3069"},"modified":"2023-10-30T12:31:42","modified_gmt":"2023-10-30T11:31:42","slug":"la-tv-via-ip-i-contenuti-a-banda-larga","status":"publish","type":"page","link":"https:\/\/dev.hdforumitalia.it\/it\/la-tv-via-ip-i-contenuti-a-banda-larga\/","title":{"rendered":"La TV via IP, i contenuti a banda larga"},"content":{"rendered":"\t\t<div data-elementor-type=\"wp-page\" data-elementor-id=\"3069\" class=\"elementor elementor-3069\" data-elementor-post-type=\"page\">\n\t\t\t\t\t\t<section class=\"elementor-section elementor-top-section elementor-element elementor-element-5fe169a elementor-section-boxed elementor-section-height-default elementor-section-height-default\" data-id=\"5fe169a\" data-element_type=\"section\">\n\t\t\t\t\t\t<div class=\"elementor-container elementor-column-gap-default\">\n\t\t\t\t\t<div class=\"elementor-column elementor-col-100 elementor-top-column elementor-element elementor-element-33ce76f\" data-id=\"33ce76f\" data-element_type=\"column\">\n\t\t\t<div class=\"elementor-widget-wrap elementor-element-populated\">\n\t\t\t\t\t\t<div class=\"elementor-element elementor-element-a918da7 elementor-widget elementor-widget-heading\" data-id=\"a918da7\" data-element_type=\"widget\" data-widget_type=\"heading.default\">\n\t\t\t\t<div class=\"elementor-widget-container\">\n\t\t\t\t\t<h2 class=\"elementor-heading-title elementor-size-default\">I contenuti a banda larga: IPTV, OTT, TV smart<br><\/h2>\t\t\t\t<\/div>\n\t\t\t\t<\/div>\n\t\t\t\t<div class=\"elementor-element elementor-element-5f111c5 elementor-widget elementor-widget-image\" data-id=\"5f111c5\" data-element_type=\"widget\" data-widget_type=\"image.default\">\n\t\t\t\t<div class=\"elementor-widget-container\">\n\t\t\t\t\t\t\t\t\t\t\t\t\t\t\t<img fetchpriority=\"high\" decoding=\"async\" width=\"750\" height=\"312\" src=\"https:\/\/dev.hdforumitalia.it\/wp-content\/uploads\/2021\/12\/iptv.jpg\" class=\"attachment-full size-full wp-image-3807\" alt=\"\" srcset=\"https:\/\/dev.hdforumitalia.it\/wp-content\/uploads\/2021\/12\/iptv.jpg 750w, https:\/\/dev.hdforumitalia.it\/wp-content\/uploads\/2021\/12\/iptv-300x125.jpg 300w\" sizes=\"(max-width: 750px) 100vw, 750px\" \/>\t\t\t\t\t\t\t\t\t\t\t\t\t\t\t<\/div>\n\t\t\t\t<\/div>\n\t\t\t\t<div class=\"elementor-element elementor-element-c66f667 elementor-widget elementor-widget-text-editor\" data-id=\"c66f667\" data-element_type=\"widget\" data-widget_type=\"text-editor.default\">\n\t\t\t\t<div class=\"elementor-widget-container\">\n\t\t\t\t\t\t\t\t\t<div><div><p>\u00a0<\/p><p><span style=\"font-family: Roboto; font-size: 12pt; font-weight: var( --e-global-typography-text-font-weight ); letter-spacing: var(--the7-base-letter-spacing); text-transform: var(--the7-base-text-transform); word-spacing: normal;\">IPTV, ovvero <\/span><span style=\"font-family: Roboto; font-size: 12pt; letter-spacing: var(--the7-base-letter-spacing); text-transform: var(--the7-base-text-transform); word-spacing: normal;\"><b>Internet Protocol Television<\/b><\/span><span style=\"font-family: Roboto; font-size: 12pt; font-weight: var( --e-global-typography-text-font-weight ); letter-spacing: var(--the7-base-letter-spacing); text-transform: var(--the7-base-text-transform); word-spacing: normal;\">, la televisione via Internet. Una modalit\u00e0 di diffusione e fruizione dei contenuti audiovisivi decollata grazie alla progressiva, inarrestabile diffusione dei collegamenti domestici a banda larga ed anche dei <\/span><span style=\"font-family: Roboto; font-size: 12pt; letter-spacing: var(--the7-base-letter-spacing); text-transform: var(--the7-base-text-transform); word-spacing: normal;\"><b>dispositivi mobili<\/b><\/span><span style=\"font-family: Roboto; font-size: 12pt; font-weight: var( --e-global-typography-text-font-weight ); letter-spacing: var(--the7-base-letter-spacing); text-transform: var(--the7-base-text-transform); word-spacing: normal;\"> \u2013 laptop, tablet e smartphone.\u00a0<\/span><\/p><p><span style=\"font-family: Roboto; font-size: 12pt; font-weight: var( --e-global-typography-text-font-weight ); letter-spacing: var(--the7-base-letter-spacing); text-transform: var(--the7-base-text-transform); word-spacing: normal;\">Attraverso l\u2019IPTV \u00e8 possibile diffondere e ricevere sia programmi \u201clive\u201d, <\/span><span style=\"font-family: Roboto; font-size: 12pt; letter-spacing: var(--the7-base-letter-spacing); text-transform: var(--the7-base-text-transform); word-spacing: normal;\"><b>in diretta<\/b><\/span><span style=\"font-family: Roboto; font-size: 12pt; font-weight: var( --e-global-typography-text-font-weight ); letter-spacing: var(--the7-base-letter-spacing); text-transform: var(--the7-base-text-transform); word-spacing: normal;\"> come una partita di calcio, che <\/span><span style=\"font-family: Roboto; font-size: 12pt; letter-spacing: var(--the7-base-letter-spacing); text-transform: var(--the7-base-text-transform); word-spacing: normal;\"><b>contenuti on demand<\/b><\/span><span style=\"font-family: Roboto; font-size: 12pt; font-weight: var( --e-global-typography-text-font-weight ); letter-spacing: var(--the7-base-letter-spacing); text-transform: var(--the7-base-text-transform); word-spacing: normal;\">, distribuiti al singolo utente che ne fa richiesta.\u00a0Esistono diverse modalit\u00e0 per distribuire ciascun contenuto. Per quelli on demand, si utilizza il protocollo <\/span><span style=\"font-family: Roboto; font-size: 12pt; letter-spacing: var(--the7-base-letter-spacing); text-transform: var(--the7-base-text-transform); word-spacing: normal;\"><b>Unicast<\/b><\/span><span style=\"font-family: Roboto; font-size: 12pt; font-weight: var( --e-global-typography-text-font-weight ); letter-spacing: var(--the7-base-letter-spacing); text-transform: var(--the7-base-text-transform); word-spacing: normal;\">, una connessione punto-punto che collega direttamente l\u2019utente all\u2019erogatore del contenuto. I protocolli <\/span><span style=\"font-family: Roboto; font-size: 12pt; letter-spacing: var(--the7-base-letter-spacing); text-transform: var(--the7-base-text-transform); word-spacing: normal;\"><b>Multicast<\/b><\/span><span style=\"font-family: Roboto; font-size: 12pt; font-weight: var( --e-global-typography-text-font-weight ); letter-spacing: var(--the7-base-letter-spacing); text-transform: var(--the7-base-text-transform); word-spacing: normal;\">, utilizzabili per i contenuti in diretta, permettono invece di trasmettere simultaneamente uno stesso flusso audiovisivo a una molteplicit\u00e0 di dispositivi destinatari<\/span>.\u00a0<span style=\"font-family: Roboto; font-size: 12pt; font-weight: var( --e-global-typography-text-font-weight ); letter-spacing: var(--the7-base-letter-spacing); text-transform: var(--the7-base-text-transform); word-spacing: normal;\">Le tecnologie Unicast e Multicast vengono usate in modalit\u00e0 ibrida, insieme a soluzioni tecniche (sia a livello di infrastruttura, come i servizi <\/span><b style=\"font-family: Roboto; font-size: 12pt; letter-spacing: var(--the7-base-letter-spacing); text-transform: var(--the7-base-text-transform); word-spacing: normal;\">CDN<\/b><span style=\"font-family: Roboto; font-size: 12pt; font-weight: var( --e-global-typography-text-font-weight ); letter-spacing: var(--the7-base-letter-spacing); text-transform: var(--the7-base-text-transform); word-spacing: normal;\"> e le cache locali che permettono di \u201cavvicinare\u201d il contenuto alla localit\u00e0 dove questo sar\u00e0 fruito, che sul piano della costruzione dei flussi, con l\u2019utilizzo dei protocolli di <\/span><b style=\"font-family: Roboto; font-size: 12pt; letter-spacing: var(--the7-base-letter-spacing); text-transform: var(--the7-base-text-transform); word-spacing: normal;\">adaptive streaming<\/b><span style=\"font-family: Roboto; font-size: 12pt; font-weight: var( --e-global-typography-text-font-weight ); letter-spacing: var(--the7-base-letter-spacing); text-transform: var(--the7-base-text-transform); word-spacing: normal;\"> che adattano la qualit\u00e0 del flusso in funzione della disponibilit\u00e0 di banda) in grado di assicurare all\u2019utente una fruizione ottimale.<\/span><\/p><p><span style=\"font-size: 12pt; font-family: Roboto;\">Compatibilmente con la banda disponibile, l&#8217;IPTV supporta risoluzione elevate (HD e 4K), funzionalit\u00e0 interattive, ma soprattutto una totale flessibilit\u00e0 rispetto a un tradizionale palinsesto. Al di l\u00e0 delle caratteristiche tecniche, infatti, l\u2019impatto pi\u00f9 significativo l&#8217;IPTV lo ha avuto sui comportamenti dello spettatore, e di conseguenza sul mercato stesso dei contenuti televisivi. La centralit\u00e0 domestica della \u201cvecchia\u201d TV lineare, con i suoi orari fissi e con i suoi riti condivisi, ha perso la sua tradizionale supremazia in favore di forme di <b>fruizione<\/b> <b><i>anytime<\/i>, <i>anywhere<\/i><\/b>, con la possibilit\u00e0 di vedere i programmi ovunque sia operativa una connessione a banda larga e attraverso una serie di strumenti &#8220;altri&#8221; rispetto al televisore (tablet e smartphone, ma anche personal computer).\u00a0<\/span><\/p><p><span style=\"font-size: 12pt; font-family: Roboto;\">L<\/span><span style=\"font-family: Roboto; font-size: 12pt; font-weight: var( --e-global-typography-text-font-weight ); letter-spacing: var(--the7-base-letter-spacing); text-transform: var(--the7-base-text-transform); word-spacing: normal;\">&#8216;IPTV ha contribuito non poco ad un altro fenomeno, la <\/span><span style=\"font-family: Roboto; font-size: 12pt; letter-spacing: var(--the7-base-letter-spacing); text-transform: var(--the7-base-text-transform); word-spacing: normal;\"><b>\u201cdestrutturazione\u201d del palinsesto<\/b><\/span><span style=\"font-family: Roboto; font-size: 12pt; font-weight: var( --e-global-typography-text-font-weight ); letter-spacing: var(--the7-base-letter-spacing); text-transform: var(--the7-base-text-transform); word-spacing: normal;\">: l\u2019utente pu\u00f2 scegliere liberamente cosa vedere e quando vederlo. Una vera rivoluzione per gli spettatori, cos\u00ec come per i broadcaster. Nella sua progressiva evoluzione e crescita di ascolti, l\u2019IPTV ha ispirato nuovi modelli di business, piattaforme e servizi on demand creati principalmente da network televisivi, operatori Tlc e nuovi soggetti specializzati nella distribuzione online a pagamento di programmi. Sono le <\/span><span style=\"font-family: Roboto; font-size: 12pt; letter-spacing: var(--the7-base-letter-spacing); text-transform: var(--the7-base-text-transform); word-spacing: normal;\">OTT<\/span><span style=\"font-family: Roboto; font-size: 12pt; font-weight: var( --e-global-typography-text-font-weight ); letter-spacing: var(--the7-base-letter-spacing); text-transform: var(--the7-base-text-transform); word-spacing: normal;\">, le <\/span><span style=\"font-family: Roboto; font-size: 12pt; letter-spacing: var(--the7-base-letter-spacing); text-transform: var(--the7-base-text-transform); word-spacing: normal;\"><b>piattaforme Over-the-Top<\/b><\/span><span style=\"font-family: Roboto; font-size: 12pt; font-weight: var( --e-global-typography-text-font-weight ); letter-spacing: var(--the7-base-letter-spacing); text-transform: var(--the7-base-text-transform); word-spacing: normal;\">. Da Netflix ad Amazon Prime, da Disney+ ad AppleTV o NOW TV, la diffusione del broadband ha permesso a una serie di nuovi soggetti di imporsi sul mercato a suon di film, serie TV e eventi sportivi offerti in modalit\u00e0 on demand. Allo stesso modo anche broacaster tradizionali propongono servizi OTT, per arricchire e approfondire la propria offerta, e per svincolarla dalla rigidit\u00e0 del palinsesto. \u00c8 il caso di Rai Play o Mediaset Infinity.\u00a0<\/span><\/p><p><span style=\"font-family: Roboto; font-size: 12pt; font-weight: var( --e-global-typography-text-font-weight ); letter-spacing: var(--the7-base-letter-spacing); text-transform: var(--the7-base-text-transform); word-spacing: normal;\">Grazie a Internet, dunque, la televisione si \u00e8 evoluta in forme nuove e verso modelli di fruizione inediti. I nuovi servizi possono essere fruiti anche sui computer, sui tablet e sugli smartphone, in casa, in esterno, in mobilit\u00e0. Ma anche il vecchio televisore si \u00e8 evoluto, \u00e8 diventato <\/span><span style=\"font-family: Roboto; font-size: 12pt; letter-spacing: var(--the7-base-letter-spacing); text-transform: var(--the7-base-text-transform); word-spacing: normal;\"><b>smart<\/b><\/span><span style=\"font-family: Roboto; font-size: 12pt; font-weight: var( --e-global-typography-text-font-weight ); letter-spacing: var(--the7-base-letter-spacing); text-transform: var(--the7-base-text-transform); word-spacing: normal;\">. Connesso al web, oltre che alla normale antenna televisiva, \u00e8 diventato non solo pi\u00f9 grande, sottile e largo, ma anche intelligente. Cos\u00ec come uno smartphone, accoglie le <\/span><span style=\"font-family: Roboto; font-size: 12pt; letter-spacing: var(--the7-base-letter-spacing); text-transform: var(--the7-base-text-transform); word-spacing: normal;\"><b>App<\/b><\/span><span style=\"font-family: Roboto; font-size: 12pt; font-weight: var( --e-global-typography-text-font-weight ); letter-spacing: var(--the7-base-letter-spacing); text-transform: var(--the7-base-text-transform); word-spacing: normal;\"> necessarie a ricevere anche le OTT. E grazie a nuovi standard e protocolli, come il <\/span><span style=\"font-family: Roboto; font-size: 12pt; letter-spacing: var(--the7-base-letter-spacing); text-transform: var(--the7-base-text-transform); word-spacing: normal;\"><b>DVB-I<\/b><\/span><span style=\"font-family: Roboto; font-size: 12pt; font-weight: var( --e-global-typography-text-font-weight ); letter-spacing: var(--the7-base-letter-spacing); text-transform: var(--the7-base-text-transform); word-spacing: normal;\">, permetter\u00e0 di accedere ai diversi servizi \u2013 indipendentemente dal fatto che siano distribuiti via IP o attraverso l\u2019antenna \u2013 in modalit\u00e0 trasparente per l\u2019utilizzatore. Ribadendo cos\u00ec ancora una volta il suo ruolo centrale all&#8217;interno di un sistema di intrattenimento domestico.<\/span><\/p><\/div><\/div>\t\t\t\t\t\t\t\t<\/div>\n\t\t\t\t<\/div>\n\t\t\t\t\t<\/div>\n\t\t<\/div>\n\t\t\t\t\t<\/div>\n\t\t<\/section>\n\t\t\t\t<\/div>\n\t\t","protected":false},"excerpt":{"rendered":"<p>I contenuti a banda larga: IPTV, OTT, TV smart \u00a0 IPTV, ovvero Internet Protocol Television, la televisione via Internet. Una modalit\u00e0 di diffusione e fruizione dei contenuti audiovisivi decollata grazie alla progressiva, inarrestabile diffusione dei collegamenti domestici a banda larga ed anche dei dispositivi mobili \u2013 laptop, tablet e smartphone.\u00a0 Attraverso l\u2019IPTV \u00e8 possibile diffondere&hellip;<\/p>\n","protected":false},"author":1,"featured_media":0,"parent":0,"menu_order":0,"comment_status":"closed","ping_status":"closed","template":"","meta":{"footnotes":""},"class_list":["post-3069","page","type-page","status-publish","hentry"],"yoast_head":"<!-- This site is optimized with the Yoast SEO plugin v25.9 - https:\/\/yoast.com\/wordpress\/plugins\/seo\/ -->\n<title>La TV via IP, i contenuti a banda larga - HD Forum Italia<\/title>\n<meta name=\"robots\" content=\"index, follow, max-snippet:-1, max-image-preview:large, max-video-preview:-1\" \/>\n<link rel=\"canonical\" href=\"https:\/\/dev.hdforumitalia.it\/it\/la-tv-via-ip-i-contenuti-a-banda-larga\/\" \/>\n<meta property=\"og:locale\" content=\"en_US\" \/>\n<meta property=\"og:type\" content=\"article\" \/>\n<meta property=\"og:title\" content=\"La TV via IP, i contenuti a banda larga - HD Forum Italia\" \/>\n<meta property=\"og:description\" content=\"I contenuti a banda larga: IPTV, OTT, TV smart \u00a0 IPTV, ovvero Internet Protocol Television, la televisione via Internet. Una modalit\u00e0 di diffusione e fruizione dei contenuti audiovisivi decollata grazie alla progressiva, inarrestabile diffusione dei collegamenti domestici a banda larga ed anche dei dispositivi mobili \u2013 laptop, tablet e smartphone.\u00a0 Attraverso l\u2019IPTV \u00e8 possibile diffondere&hellip;\" \/>\n<meta property=\"og:url\" content=\"https:\/\/dev.hdforumitalia.it\/it\/la-tv-via-ip-i-contenuti-a-banda-larga\/\" \/>\n<meta property=\"og:site_name\" content=\"HD Forum Italia\" \/>\n<meta property=\"article:modified_time\" content=\"2023-10-30T11:31:42+00:00\" \/>\n<meta property=\"og:image\" content=\"http:\/\/dev.hdforumitalia.it\/wp-content\/uploads\/2021\/12\/iptv.jpg\" \/>\n<meta name=\"twitter:card\" content=\"summary_large_image\" \/>\n<meta name=\"twitter:label1\" content=\"Est. reading time\" \/>\n\t<meta name=\"twitter:data1\" content=\"3 minutes\" \/>\n<script type=\"application\/ld+json\" class=\"yoast-schema-graph\">{\"@context\":\"https:\/\/schema.org\",\"@graph\":[{\"@type\":\"WebPage\",\"@id\":\"https:\/\/dev.hdforumitalia.it\/it\/la-tv-via-ip-i-contenuti-a-banda-larga\/\",\"url\":\"https:\/\/dev.hdforumitalia.it\/it\/la-tv-via-ip-i-contenuti-a-banda-larga\/\",\"name\":\"La TV via IP, i contenuti a banda larga - HD Forum Italia\",\"isPartOf\":{\"@id\":\"https:\/\/dev.hdforumitalia.it\/it\/#website\"},\"primaryImageOfPage\":{\"@id\":\"https:\/\/dev.hdforumitalia.it\/it\/la-tv-via-ip-i-contenuti-a-banda-larga\/#primaryimage\"},\"image\":{\"@id\":\"https:\/\/dev.hdforumitalia.it\/it\/la-tv-via-ip-i-contenuti-a-banda-larga\/#primaryimage\"},\"thumbnailUrl\":\"http:\/\/dev.hdforumitalia.it\/wp-content\/uploads\/2021\/12\/iptv.jpg\",\"datePublished\":\"2021-10-18T07:18:36+00:00\",\"dateModified\":\"2023-10-30T11:31:42+00:00\",\"breadcrumb\":{\"@id\":\"https:\/\/dev.hdforumitalia.it\/it\/la-tv-via-ip-i-contenuti-a-banda-larga\/#breadcrumb\"},\"inLanguage\":\"en-US\",\"potentialAction\":[{\"@type\":\"ReadAction\",\"target\":[\"https:\/\/dev.hdforumitalia.it\/it\/la-tv-via-ip-i-contenuti-a-banda-larga\/\"]}]},{\"@type\":\"ImageObject\",\"inLanguage\":\"en-US\",\"@id\":\"https:\/\/dev.hdforumitalia.it\/it\/la-tv-via-ip-i-contenuti-a-banda-larga\/#primaryimage\",\"url\":\"http:\/\/dev.hdforumitalia.it\/wp-content\/uploads\/2021\/12\/iptv.jpg\",\"contentUrl\":\"http:\/\/dev.hdforumitalia.it\/wp-content\/uploads\/2021\/12\/iptv.jpg\"},{\"@type\":\"BreadcrumbList\",\"@id\":\"https:\/\/dev.hdforumitalia.it\/it\/la-tv-via-ip-i-contenuti-a-banda-larga\/#breadcrumb\",\"itemListElement\":[{\"@type\":\"ListItem\",\"position\":1,\"name\":\"Home\",\"item\":\"https:\/\/dev.hdforumitalia.it\/it\/\"},{\"@type\":\"ListItem\",\"position\":2,\"name\":\"La TV via IP, i contenuti a banda larga\"}]},{\"@type\":\"WebSite\",\"@id\":\"https:\/\/dev.hdforumitalia.it\/it\/#website\",\"url\":\"https:\/\/dev.hdforumitalia.it\/it\/\",\"name\":\"HD Forum Italia\",\"description\":\"Beyond Definition\",\"publisher\":{\"@id\":\"https:\/\/dev.hdforumitalia.it\/it\/#organization\"},\"potentialAction\":[{\"@type\":\"SearchAction\",\"target\":{\"@type\":\"EntryPoint\",\"urlTemplate\":\"https:\/\/dev.hdforumitalia.it\/it\/?s={search_term_string}\"},\"query-input\":{\"@type\":\"PropertyValueSpecification\",\"valueRequired\":true,\"valueName\":\"search_term_string\"}}],\"inLanguage\":\"en-US\"},{\"@type\":\"Organization\",\"@id\":\"https:\/\/dev.hdforumitalia.it\/it\/#organization\",\"name\":\"HD Forum Italia\",\"url\":\"https:\/\/dev.hdforumitalia.it\/it\/\",\"logo\":{\"@type\":\"ImageObject\",\"inLanguage\":\"en-US\",\"@id\":\"https:\/\/dev.hdforumitalia.it\/it\/#\/schema\/logo\/image\/\",\"url\":\"https:\/\/dev.hdforumitalia.it\/wp-content\/uploads\/2021\/11\/Logo-Ultra-HD-Forum.jpg\",\"contentUrl\":\"https:\/\/dev.hdforumitalia.it\/wp-content\/uploads\/2021\/11\/Logo-Ultra-HD-Forum.jpg\",\"width\":859,\"height\":411,\"caption\":\"HD Forum Italia\"},\"image\":{\"@id\":\"https:\/\/dev.hdforumitalia.it\/it\/#\/schema\/logo\/image\/\"}}]}<\/script>\n<!-- \/ Yoast SEO plugin. -->","yoast_head_json":{"title":"La TV via IP, i contenuti a banda larga - HD Forum Italia","robots":{"index":"index","follow":"follow","max-snippet":"max-snippet:-1","max-image-preview":"max-image-preview:large","max-video-preview":"max-video-preview:-1"},"canonical":"https:\/\/dev.hdforumitalia.it\/it\/la-tv-via-ip-i-contenuti-a-banda-larga\/","og_locale":"en_US","og_type":"article","og_title":"La TV via IP, i contenuti a banda larga - HD Forum Italia","og_description":"I contenuti a banda larga: IPTV, OTT, TV smart \u00a0 IPTV, ovvero Internet Protocol Television, la televisione via Internet. Una modalit\u00e0 di diffusione e fruizione dei contenuti audiovisivi decollata grazie alla progressiva, inarrestabile diffusione dei collegamenti domestici a banda larga ed anche dei dispositivi mobili \u2013 laptop, tablet e smartphone.\u00a0 Attraverso l\u2019IPTV \u00e8 possibile diffondere&hellip;","og_url":"https:\/\/dev.hdforumitalia.it\/it\/la-tv-via-ip-i-contenuti-a-banda-larga\/","og_site_name":"HD Forum Italia","article_modified_time":"2023-10-30T11:31:42+00:00","og_image":[{"url":"http:\/\/dev.hdforumitalia.it\/wp-content\/uploads\/2021\/12\/iptv.jpg","type":"","width":"","height":""}],"twitter_card":"summary_large_image","twitter_misc":{"Est. reading time":"3 minutes"},"schema":{"@context":"https:\/\/schema.org","@graph":[{"@type":"WebPage","@id":"https:\/\/dev.hdforumitalia.it\/it\/la-tv-via-ip-i-contenuti-a-banda-larga\/","url":"https:\/\/dev.hdforumitalia.it\/it\/la-tv-via-ip-i-contenuti-a-banda-larga\/","name":"La TV via IP, i contenuti a banda larga - HD Forum Italia","isPartOf":{"@id":"https:\/\/dev.hdforumitalia.it\/it\/#website"},"primaryImageOfPage":{"@id":"https:\/\/dev.hdforumitalia.it\/it\/la-tv-via-ip-i-contenuti-a-banda-larga\/#primaryimage"},"image":{"@id":"https:\/\/dev.hdforumitalia.it\/it\/la-tv-via-ip-i-contenuti-a-banda-larga\/#primaryimage"},"thumbnailUrl":"http:\/\/dev.hdforumitalia.it\/wp-content\/uploads\/2021\/12\/iptv.jpg","datePublished":"2021-10-18T07:18:36+00:00","dateModified":"2023-10-30T11:31:42+00:00","breadcrumb":{"@id":"https:\/\/dev.hdforumitalia.it\/it\/la-tv-via-ip-i-contenuti-a-banda-larga\/#breadcrumb"},"inLanguage":"en-US","potentialAction":[{"@type":"ReadAction","target":["https:\/\/dev.hdforumitalia.it\/it\/la-tv-via-ip-i-contenuti-a-banda-larga\/"]}]},{"@type":"ImageObject","inLanguage":"en-US","@id":"https:\/\/dev.hdforumitalia.it\/it\/la-tv-via-ip-i-contenuti-a-banda-larga\/#primaryimage","url":"http:\/\/dev.hdforumitalia.it\/wp-content\/uploads\/2021\/12\/iptv.jpg","contentUrl":"http:\/\/dev.hdforumitalia.it\/wp-content\/uploads\/2021\/12\/iptv.jpg"},{"@type":"BreadcrumbList","@id":"https:\/\/dev.hdforumitalia.it\/it\/la-tv-via-ip-i-contenuti-a-banda-larga\/#breadcrumb","itemListElement":[{"@type":"ListItem","position":1,"name":"Home","item":"https:\/\/dev.hdforumitalia.it\/it\/"},{"@type":"ListItem","position":2,"name":"La TV via IP, i contenuti a banda larga"}]},{"@type":"WebSite","@id":"https:\/\/dev.hdforumitalia.it\/it\/#website","url":"https:\/\/dev.hdforumitalia.it\/it\/","name":"HD Forum Italia","description":"Beyond Definition","publisher":{"@id":"https:\/\/dev.hdforumitalia.it\/it\/#organization"},"potentialAction":[{"@type":"SearchAction","target":{"@type":"EntryPoint","urlTemplate":"https:\/\/dev.hdforumitalia.it\/it\/?s={search_term_string}"},"query-input":{"@type":"PropertyValueSpecification","valueRequired":true,"valueName":"search_term_string"}}],"inLanguage":"en-US"},{"@type":"Organization","@id":"https:\/\/dev.hdforumitalia.it\/it\/#organization","name":"HD Forum Italia","url":"https:\/\/dev.hdforumitalia.it\/it\/","logo":{"@type":"ImageObject","inLanguage":"en-US","@id":"https:\/\/dev.hdforumitalia.it\/it\/#\/schema\/logo\/image\/","url":"https:\/\/dev.hdforumitalia.it\/wp-content\/uploads\/2021\/11\/Logo-Ultra-HD-Forum.jpg","contentUrl":"https:\/\/dev.hdforumitalia.it\/wp-content\/uploads\/2021\/11\/Logo-Ultra-HD-Forum.jpg","width":859,"height":411,"caption":"HD Forum Italia"},"image":{"@id":"https:\/\/dev.hdforumitalia.it\/it\/#\/schema\/logo\/image\/"}}]}},"_links":{"self":[{"href":"https:\/\/dev.hdforumitalia.it\/it\/wp-json\/wp\/v2\/pages\/3069","targetHints":{"allow":["GET"]}}],"collection":[{"href":"https:\/\/dev.hdforumitalia.it\/it\/wp-json\/wp\/v2\/pages"}],"about":[{"href":"https:\/\/dev.hdforumitalia.it\/it\/wp-json\/wp\/v2\/types\/page"}],"author":[{"embeddable":true,"href":"https:\/\/dev.hdforumitalia.it\/it\/wp-json\/wp\/v2\/users\/1"}],"replies":[{"embeddable":true,"href":"https:\/\/dev.hdforumitalia.it\/it\/wp-json\/wp\/v2\/comments?post=3069"}],"version-history":[{"count":15,"href":"https:\/\/dev.hdforumitalia.it\/it\/wp-json\/wp\/v2\/pages\/3069\/revisions"}],"predecessor-version":[{"id":8066,"href":"https:\/\/dev.hdforumitalia.it\/it\/wp-json\/wp\/v2\/pages\/3069\/revisions\/8066"}],"wp:attachment":[{"href":"https:\/\/dev.hdforumitalia.it\/it\/wp-json\/wp\/v2\/media?parent=3069"}],"curies":[{"name":"wp","href":"https:\/\/api.w.org\/{rel}","templated":true}]}}