{"id":2929,"date":"2021-10-15T16:00:38","date_gmt":"2021-10-15T14:00:38","guid":{"rendered":"http:\/\/dev.hdforumitalia.it\/?page_id=2929"},"modified":"2022-06-22T14:38:21","modified_gmt":"2022-06-22T12:38:21","slug":"persidera","status":"publish","type":"page","link":"https:\/\/dev.hdforumitalia.it\/it\/persidera\/","title":{"rendered":"Persidera"},"content":{"rendered":"\t\t<div data-elementor-type=\"wp-page\" data-elementor-id=\"2929\" class=\"elementor elementor-2929\" data-elementor-post-type=\"page\">\n\t\t\t\t\t\t<section class=\"elementor-section elementor-top-section elementor-element elementor-element-60d6c8e elementor-section-boxed elementor-section-height-default elementor-section-height-default\" data-id=\"60d6c8e\" data-element_type=\"section\">\n\t\t\t\t\t\t<div class=\"elementor-container elementor-column-gap-default\">\n\t\t\t\t\t<div class=\"elementor-column elementor-col-33 elementor-top-column elementor-element elementor-element-7c9fd82\" data-id=\"7c9fd82\" data-element_type=\"column\">\n\t\t\t<div class=\"elementor-widget-wrap elementor-element-populated\">\n\t\t\t\t\t\t<div class=\"elementor-element elementor-element-4536664 elementor-widget elementor-widget-image\" data-id=\"4536664\" data-element_type=\"widget\" data-widget_type=\"image.default\">\n\t\t\t\t<div class=\"elementor-widget-container\">\n\t\t\t\t\t\t\t\t\t\t\t\t\t\t\t<img fetchpriority=\"high\" decoding=\"async\" width=\"350\" height=\"200\" src=\"https:\/\/dev.hdforumitalia.it\/wp-content\/uploads\/2021\/10\/persidera.png\" class=\"attachment-large size-large wp-image-2699\" alt=\"\" srcset=\"https:\/\/dev.hdforumitalia.it\/wp-content\/uploads\/2021\/10\/persidera.png 350w, https:\/\/dev.hdforumitalia.it\/wp-content\/uploads\/2021\/10\/persidera-300x171.png 300w\" sizes=\"(max-width: 350px) 100vw, 350px\" \/>\t\t\t\t\t\t\t\t\t\t\t\t\t\t\t<\/div>\n\t\t\t\t<\/div>\n\t\t\t\t\t<\/div>\n\t\t<\/div>\n\t\t\t\t<div class=\"elementor-column elementor-col-66 elementor-top-column elementor-element elementor-element-b2026b8\" data-id=\"b2026b8\" data-element_type=\"column\">\n\t\t\t<div class=\"elementor-widget-wrap elementor-element-populated\">\n\t\t\t\t\t\t<div class=\"elementor-element elementor-element-47a2b9c elementor-widget elementor-widget-text-editor\" data-id=\"47a2b9c\" data-element_type=\"widget\" data-widget_type=\"text-editor.default\">\n\t\t\t\t<div class=\"elementor-widget-container\">\n\t\t\t\t\t\t\t\t\t<div>\n<p><strong>Persidera S.p.A.<\/strong> nasce dalla joint venture tra due operatori di rete gi\u00e0 esistenti: Telecom Italia Media Broadcasting, appartenente al Gruppo Telecom Italia (TIM) e Rete A, di propriet\u00e0 del Gruppo Editoriale L\u2019Espresso (GEDI). Oggi la societ\u00e0 \u00e8 detenuta al 100% dal socio unico F2i TLC2 S.p.A., a seguito della cessione dell\u2019intera partecipazione azionaria detenuta da TIM e GEDI a quest\u2019ultima societ\u00e0 in data 2 dicembre 2019.<\/p>\n<p>La societ\u00e0 si propone sul mercato italiano&nbsp;come il pi\u00f9 importante operatore di rete indipendente dotato di <strong>cinque multiplex digitali nazionali<\/strong>, con un\u2019infrastruttura di grande capillarit\u00e0 e capace di erogare servizi ad elevato standard qualitativo.&nbsp; Persidera \u00e8&nbsp;il fornitore di riferimento dei principali editori televisivi operanti in Italia. I principali clienti sono <strong>Gruppo Discovery Communications, Gruppo SKY Italia, Gruppo&nbsp;<\/strong><strong>Viacom Media Networks, Gruppo RTL 102.5<\/strong>.<\/p>\n<p>La scelta strategica di Persidera \u00e8 quella di essere un operatore leader totalmente orientato al mercato proponendosi come <strong>Partner tecnologico a 360\u00b0<\/strong> offrendo servizi di diffusione <strong>DTT, Playout, Connettivit\u00e0 e Servizi OTT e Multimedia<\/strong> per editori televisivi nazionali ed esteri che intendano avere un ruolo di leadership nel mercato italiano.<br>Persidera offre soluzioni tecnologiche all\u2019avanguardia, in quanto&nbsp;dotata di un\u2019infrastruttura che assicura livelli di servizio di assoluta qualit\u00e0 ed affidabilit\u00e0. Persidera, grazie all\u2019ampliamento ed alla diversificazione dei servizi proposti, intende continuare a sostenere e sviluppare, come partner tecnologico di riferimento, l\u2019offerta di canali televisivi da parte di editori indipendenti attraverso le sfide e le opportunit\u00e0 prospettate dal sempre pi\u00f9 rapido sviluppo della tecnologia e delle modalit\u00e0 di fruizione dei contenuti.<br>In questo scenario, di evoluzione del mercato, verso la \u201ctelevisione 4.0\u201d, Persidera progetta e realizza, insieme al cliente, non solo broadcaster, applicazioni interattive sulle diverse piattaforme SAT, DTT, OTT, con l\u2019obiettivo di recepire le innovazioni tecnologiche che il mercato definisce, e di presidiarlo con successo.<\/p>\n<p><\/p>\n<p><a href=\"http:\/\/www.persidera.it\/Persidera\/\">www.persidera.it<\/a><\/p>\n<\/div>\t\t\t\t\t\t\t\t<\/div>\n\t\t\t\t<\/div>\n\t\t\t\t\t<\/div>\n\t\t<\/div>\n\t\t\t\t\t<\/div>\n\t\t<\/section>\n\t\t\t\t<\/div>\n\t\t","protected":false},"excerpt":{"rendered":"<p>Persidera S.p.A. nasce dalla joint venture tra due operatori di rete gi\u00e0 esistenti: Telecom Italia Media Broadcasting, appartenente al Gruppo Telecom Italia (TIM) e Rete A, di propriet\u00e0 del Gruppo Editoriale L\u2019Espresso (GEDI). Oggi la societ\u00e0 \u00e8 detenuta al 100% dal socio unico F2i TLC2 S.p.A., a seguito della cessione dell\u2019intera partecipazione azionaria detenuta da&hellip;<\/p>\n","protected":false},"author":1,"featured_media":0,"parent":0,"menu_order":0,"comment_status":"closed","ping_status":"closed","template":"","meta":{"footnotes":""},"class_list":["post-2929","page","type-page","status-publish","hentry"],"yoast_head":"<!-- This site is optimized with the Yoast SEO plugin v25.9 - https:\/\/yoast.com\/wordpress\/plugins\/seo\/ -->\n<title>Persidera - HD Forum Italia<\/title>\n<meta name=\"robots\" content=\"index, follow, max-snippet:-1, max-image-preview:large, max-video-preview:-1\" \/>\n<link rel=\"canonical\" href=\"https:\/\/dev.hdforumitalia.it\/it\/persidera\/\" \/>\n<meta property=\"og:locale\" content=\"en_US\" \/>\n<meta property=\"og:type\" content=\"article\" \/>\n<meta property=\"og:title\" content=\"Persidera - HD Forum Italia\" \/>\n<meta property=\"og:description\" content=\"Persidera S.p.A. nasce dalla joint venture tra due operatori di rete gi\u00e0 esistenti: Telecom Italia Media Broadcasting, appartenente al Gruppo Telecom Italia (TIM) e Rete A, di propriet\u00e0 del Gruppo Editoriale L\u2019Espresso (GEDI). Oggi la societ\u00e0 \u00e8 detenuta al 100% dal socio unico F2i TLC2 S.p.A., a seguito della cessione dell\u2019intera partecipazione azionaria detenuta da&hellip;\" \/>\n<meta property=\"og:url\" content=\"https:\/\/dev.hdforumitalia.it\/it\/persidera\/\" \/>\n<meta property=\"og:site_name\" content=\"HD Forum Italia\" \/>\n<meta property=\"article:modified_time\" content=\"2022-06-22T12:38:21+00:00\" \/>\n<meta property=\"og:image\" content=\"http:\/\/dev.hdforumitalia.it\/wp-content\/uploads\/2021\/10\/persidera.png\" \/>\n<meta name=\"twitter:card\" content=\"summary_large_image\" \/>\n<meta name=\"twitter:label1\" content=\"Est. reading time\" \/>\n\t<meta name=\"twitter:data1\" content=\"2 minutes\" \/>\n<script type=\"application\/ld+json\" class=\"yoast-schema-graph\">{\"@context\":\"https:\/\/schema.org\",\"@graph\":[{\"@type\":\"WebPage\",\"@id\":\"https:\/\/dev.hdforumitalia.it\/it\/persidera\/\",\"url\":\"https:\/\/dev.hdforumitalia.it\/it\/persidera\/\",\"name\":\"Persidera - HD Forum Italia\",\"isPartOf\":{\"@id\":\"https:\/\/dev.hdforumitalia.it\/it\/#website\"},\"primaryImageOfPage\":{\"@id\":\"https:\/\/dev.hdforumitalia.it\/it\/persidera\/#primaryimage\"},\"image\":{\"@id\":\"https:\/\/dev.hdforumitalia.it\/it\/persidera\/#primaryimage\"},\"thumbnailUrl\":\"http:\/\/dev.hdforumitalia.it\/wp-content\/uploads\/2021\/10\/persidera.png\",\"datePublished\":\"2021-10-15T14:00:38+00:00\",\"dateModified\":\"2022-06-22T12:38:21+00:00\",\"breadcrumb\":{\"@id\":\"https:\/\/dev.hdforumitalia.it\/it\/persidera\/#breadcrumb\"},\"inLanguage\":\"en-US\",\"potentialAction\":[{\"@type\":\"ReadAction\",\"target\":[\"https:\/\/dev.hdforumitalia.it\/it\/persidera\/\"]}]},{\"@type\":\"ImageObject\",\"inLanguage\":\"en-US\",\"@id\":\"https:\/\/dev.hdforumitalia.it\/it\/persidera\/#primaryimage\",\"url\":\"http:\/\/dev.hdforumitalia.it\/wp-content\/uploads\/2021\/10\/persidera.png\",\"contentUrl\":\"http:\/\/dev.hdforumitalia.it\/wp-content\/uploads\/2021\/10\/persidera.png\"},{\"@type\":\"BreadcrumbList\",\"@id\":\"https:\/\/dev.hdforumitalia.it\/it\/persidera\/#breadcrumb\",\"itemListElement\":[{\"@type\":\"ListItem\",\"position\":1,\"name\":\"Home\",\"item\":\"https:\/\/dev.hdforumitalia.it\/it\/\"},{\"@type\":\"ListItem\",\"position\":2,\"name\":\"Persidera\"}]},{\"@type\":\"WebSite\",\"@id\":\"https:\/\/dev.hdforumitalia.it\/it\/#website\",\"url\":\"https:\/\/dev.hdforumitalia.it\/it\/\",\"name\":\"HD Forum Italia\",\"description\":\"Beyond Definition\",\"publisher\":{\"@id\":\"https:\/\/dev.hdforumitalia.it\/it\/#organization\"},\"potentialAction\":[{\"@type\":\"SearchAction\",\"target\":{\"@type\":\"EntryPoint\",\"urlTemplate\":\"https:\/\/dev.hdforumitalia.it\/it\/?s={search_term_string}\"},\"query-input\":{\"@type\":\"PropertyValueSpecification\",\"valueRequired\":true,\"valueName\":\"search_term_string\"}}],\"inLanguage\":\"en-US\"},{\"@type\":\"Organization\",\"@id\":\"https:\/\/dev.hdforumitalia.it\/it\/#organization\",\"name\":\"HD Forum Italia\",\"url\":\"https:\/\/dev.hdforumitalia.it\/it\/\",\"logo\":{\"@type\":\"ImageObject\",\"inLanguage\":\"en-US\",\"@id\":\"https:\/\/dev.hdforumitalia.it\/it\/#\/schema\/logo\/image\/\",\"url\":\"https:\/\/dev.hdforumitalia.it\/wp-content\/uploads\/2021\/11\/Logo-Ultra-HD-Forum.jpg\",\"contentUrl\":\"https:\/\/dev.hdforumitalia.it\/wp-content\/uploads\/2021\/11\/Logo-Ultra-HD-Forum.jpg\",\"width\":859,\"height\":411,\"caption\":\"HD Forum Italia\"},\"image\":{\"@id\":\"https:\/\/dev.hdforumitalia.it\/it\/#\/schema\/logo\/image\/\"}}]}<\/script>\n<!-- \/ Yoast SEO plugin. -->","yoast_head_json":{"title":"Persidera - HD Forum Italia","robots":{"index":"index","follow":"follow","max-snippet":"max-snippet:-1","max-image-preview":"max-image-preview:large","max-video-preview":"max-video-preview:-1"},"canonical":"https:\/\/dev.hdforumitalia.it\/it\/persidera\/","og_locale":"en_US","og_type":"article","og_title":"Persidera - HD Forum Italia","og_description":"Persidera S.p.A. nasce dalla joint venture tra due operatori di rete gi\u00e0 esistenti: Telecom Italia Media Broadcasting, appartenente al Gruppo Telecom Italia (TIM) e Rete A, di propriet\u00e0 del Gruppo Editoriale L\u2019Espresso (GEDI). Oggi la societ\u00e0 \u00e8 detenuta al 100% dal socio unico F2i TLC2 S.p.A., a seguito della cessione dell\u2019intera partecipazione azionaria detenuta da&hellip;","og_url":"https:\/\/dev.hdforumitalia.it\/it\/persidera\/","og_site_name":"HD Forum Italia","article_modified_time":"2022-06-22T12:38:21+00:00","og_image":[{"url":"http:\/\/dev.hdforumitalia.it\/wp-content\/uploads\/2021\/10\/persidera.png","type":"","width":"","height":""}],"twitter_card":"summary_large_image","twitter_misc":{"Est. reading time":"2 minutes"},"schema":{"@context":"https:\/\/schema.org","@graph":[{"@type":"WebPage","@id":"https:\/\/dev.hdforumitalia.it\/it\/persidera\/","url":"https:\/\/dev.hdforumitalia.it\/it\/persidera\/","name":"Persidera - HD Forum Italia","isPartOf":{"@id":"https:\/\/dev.hdforumitalia.it\/it\/#website"},"primaryImageOfPage":{"@id":"https:\/\/dev.hdforumitalia.it\/it\/persidera\/#primaryimage"},"image":{"@id":"https:\/\/dev.hdforumitalia.it\/it\/persidera\/#primaryimage"},"thumbnailUrl":"http:\/\/dev.hdforumitalia.it\/wp-content\/uploads\/2021\/10\/persidera.png","datePublished":"2021-10-15T14:00:38+00:00","dateModified":"2022-06-22T12:38:21+00:00","breadcrumb":{"@id":"https:\/\/dev.hdforumitalia.it\/it\/persidera\/#breadcrumb"},"inLanguage":"en-US","potentialAction":[{"@type":"ReadAction","target":["https:\/\/dev.hdforumitalia.it\/it\/persidera\/"]}]},{"@type":"ImageObject","inLanguage":"en-US","@id":"https:\/\/dev.hdforumitalia.it\/it\/persidera\/#primaryimage","url":"http:\/\/dev.hdforumitalia.it\/wp-content\/uploads\/2021\/10\/persidera.png","contentUrl":"http:\/\/dev.hdforumitalia.it\/wp-content\/uploads\/2021\/10\/persidera.png"},{"@type":"BreadcrumbList","@id":"https:\/\/dev.hdforumitalia.it\/it\/persidera\/#breadcrumb","itemListElement":[{"@type":"ListItem","position":1,"name":"Home","item":"https:\/\/dev.hdforumitalia.it\/it\/"},{"@type":"ListItem","position":2,"name":"Persidera"}]},{"@type":"WebSite","@id":"https:\/\/dev.hdforumitalia.it\/it\/#website","url":"https:\/\/dev.hdforumitalia.it\/it\/","name":"HD Forum Italia","description":"Beyond Definition","publisher":{"@id":"https:\/\/dev.hdforumitalia.it\/it\/#organization"},"potentialAction":[{"@type":"SearchAction","target":{"@type":"EntryPoint","urlTemplate":"https:\/\/dev.hdforumitalia.it\/it\/?s={search_term_string}"},"query-input":{"@type":"PropertyValueSpecification","valueRequired":true,"valueName":"search_term_string"}}],"inLanguage":"en-US"},{"@type":"Organization","@id":"https:\/\/dev.hdforumitalia.it\/it\/#organization","name":"HD Forum Italia","url":"https:\/\/dev.hdforumitalia.it\/it\/","logo":{"@type":"ImageObject","inLanguage":"en-US","@id":"https:\/\/dev.hdforumitalia.it\/it\/#\/schema\/logo\/image\/","url":"https:\/\/dev.hdforumitalia.it\/wp-content\/uploads\/2021\/11\/Logo-Ultra-HD-Forum.jpg","contentUrl":"https:\/\/dev.hdforumitalia.it\/wp-content\/uploads\/2021\/11\/Logo-Ultra-HD-Forum.jpg","width":859,"height":411,"caption":"HD Forum Italia"},"image":{"@id":"https:\/\/dev.hdforumitalia.it\/it\/#\/schema\/logo\/image\/"}}]}},"_links":{"self":[{"href":"https:\/\/dev.hdforumitalia.it\/it\/wp-json\/wp\/v2\/pages\/2929","targetHints":{"allow":["GET"]}}],"collection":[{"href":"https:\/\/dev.hdforumitalia.it\/it\/wp-json\/wp\/v2\/pages"}],"about":[{"href":"https:\/\/dev.hdforumitalia.it\/it\/wp-json\/wp\/v2\/types\/page"}],"author":[{"embeddable":true,"href":"https:\/\/dev.hdforumitalia.it\/it\/wp-json\/wp\/v2\/users\/1"}],"replies":[{"embeddable":true,"href":"https:\/\/dev.hdforumitalia.it\/it\/wp-json\/wp\/v2\/comments?post=2929"}],"version-history":[{"count":10,"href":"https:\/\/dev.hdforumitalia.it\/it\/wp-json\/wp\/v2\/pages\/2929\/revisions"}],"predecessor-version":[{"id":4293,"href":"https:\/\/dev.hdforumitalia.it\/it\/wp-json\/wp\/v2\/pages\/2929\/revisions\/4293"}],"wp:attachment":[{"href":"https:\/\/dev.hdforumitalia.it\/it\/wp-json\/wp\/v2\/media?parent=2929"}],"curies":[{"name":"wp","href":"https:\/\/api.w.org\/{rel}","templated":true}]}}