{"id":2880,"date":"2021-10-15T15:45:25","date_gmt":"2021-10-15T13:45:25","guid":{"rendered":"http:\/\/dev.hdforumitalia.it\/?page_id=2880"},"modified":"2021-10-15T15:46:04","modified_gmt":"2021-10-15T13:46:04","slug":"fraunhofer-iis","status":"publish","type":"page","link":"https:\/\/dev.hdforumitalia.it\/it\/fraunhofer-iis\/","title":{"rendered":"Fraunhofer IIS"},"content":{"rendered":"\t\t<div data-elementor-type=\"wp-page\" data-elementor-id=\"2880\" class=\"elementor elementor-2880\" data-elementor-post-type=\"page\">\n\t\t\t\t\t\t<section class=\"elementor-section elementor-top-section elementor-element elementor-element-60d6c8e elementor-section-boxed elementor-section-height-default elementor-section-height-default\" data-id=\"60d6c8e\" data-element_type=\"section\">\n\t\t\t\t\t\t<div class=\"elementor-container elementor-column-gap-default\">\n\t\t\t\t\t<div class=\"elementor-column elementor-col-33 elementor-top-column elementor-element elementor-element-7c9fd82\" data-id=\"7c9fd82\" data-element_type=\"column\">\n\t\t\t<div class=\"elementor-widget-wrap elementor-element-populated\">\n\t\t\t\t\t\t<div class=\"elementor-element elementor-element-4536664 elementor-widget elementor-widget-image\" data-id=\"4536664\" data-element_type=\"widget\" data-widget_type=\"image.default\">\n\t\t\t\t<div class=\"elementor-widget-container\">\n\t\t\t\t\t\t\t\t\t\t\t\t\t\t\t<img fetchpriority=\"high\" decoding=\"async\" width=\"350\" height=\"200\" src=\"https:\/\/dev.hdforumitalia.it\/wp-content\/uploads\/2021\/03\/fraunhofer.png\" class=\"attachment-large size-large wp-image-88\" alt=\"\" srcset=\"https:\/\/dev.hdforumitalia.it\/wp-content\/uploads\/2021\/03\/fraunhofer.png 350w, https:\/\/dev.hdforumitalia.it\/wp-content\/uploads\/2021\/03\/fraunhofer-300x171.png 300w\" sizes=\"(max-width: 350px) 100vw, 350px\" \/>\t\t\t\t\t\t\t\t\t\t\t\t\t\t\t<\/div>\n\t\t\t\t<\/div>\n\t\t\t\t\t<\/div>\n\t\t<\/div>\n\t\t\t\t<div class=\"elementor-column elementor-col-66 elementor-top-column elementor-element elementor-element-b2026b8\" data-id=\"b2026b8\" data-element_type=\"column\">\n\t\t\t<div class=\"elementor-widget-wrap elementor-element-populated\">\n\t\t\t\t\t\t<div class=\"elementor-element elementor-element-47a2b9c elementor-widget elementor-widget-text-editor\" data-id=\"47a2b9c\" data-element_type=\"widget\" data-widget_type=\"text-editor.default\">\n\t\t\t\t<div class=\"elementor-widget-container\">\n\t\t\t\t\t\t\t\t\t<div class=\"copy-block\"><p><em>Fraunhofer Gesellschaft zur F\u00f6rderung der angewandten Forschung e.V.<\/em> \u00e8 la pi\u00f9 grande societ\u00e0 di ricerca applicata in Europa. Essa partecipa ad HDFI per mezzo del suo <em>Fraunhofer Institute for Integrated Circuits IIS<\/em>\u00a0(Fraunhofer IIS), che lavora nell\u2019ambito della codifica audio e video e del signal processing da oltre 25 anni. Fraunhofer IIS \u00e8 stato il principale inventore del formato mp3, ed \u00e8 universalmente accreditato per il co-sviluppo del formato AAC (Advanced Audio Coding). Fraunhofer stima che oltre 10 milardi di prodotti commerciali siano stati dotati di questi codec. La nostra tecnologia audio per servizi di streaming e UHDTV di ultima generazione \u00e8 il formato MPEG-H TV Audio System, in grado di fornire una nuova esperienza d\u2019ascolto attraverso un sistema audio immersivo e interattivo.<\/p><p><a href=\"http:\/\/www.iis.fraunhofer.de\/audio\">www.iis.fraunhofer.de\/audio<\/a><\/p><\/div>\t\t\t\t\t\t\t\t<\/div>\n\t\t\t\t<\/div>\n\t\t\t\t\t<\/div>\n\t\t<\/div>\n\t\t\t\t\t<\/div>\n\t\t<\/section>\n\t\t\t\t<\/div>\n\t\t","protected":false},"excerpt":{"rendered":"<p>Fraunhofer Gesellschaft zur F\u00f6rderung der angewandten Forschung e.V. \u00e8 la pi\u00f9 grande societ\u00e0 di ricerca applicata in Europa. Essa partecipa ad HDFI per mezzo del suo Fraunhofer Institute for Integrated Circuits IIS\u00a0(Fraunhofer IIS), che lavora nell\u2019ambito della codifica audio e video e del signal processing da oltre 25 anni. Fraunhofer IIS \u00e8 stato il principale&hellip;<\/p>\n","protected":false},"author":1,"featured_media":0,"parent":0,"menu_order":0,"comment_status":"closed","ping_status":"closed","template":"","meta":{"footnotes":""},"class_list":["post-2880","page","type-page","status-publish","hentry"],"yoast_head":"<!-- This site is optimized with the Yoast SEO plugin v25.9 - https:\/\/yoast.com\/wordpress\/plugins\/seo\/ -->\n<title>Fraunhofer IIS - HD Forum Italia<\/title>\n<meta name=\"robots\" content=\"index, follow, max-snippet:-1, max-image-preview:large, max-video-preview:-1\" \/>\n<link rel=\"canonical\" href=\"https:\/\/dev.hdforumitalia.it\/it\/fraunhofer-iis\/\" \/>\n<meta property=\"og:locale\" content=\"en_US\" \/>\n<meta property=\"og:type\" content=\"article\" \/>\n<meta property=\"og:title\" content=\"Fraunhofer IIS - HD Forum Italia\" \/>\n<meta property=\"og:description\" content=\"Fraunhofer Gesellschaft zur F\u00f6rderung der angewandten Forschung e.V. \u00e8 la pi\u00f9 grande societ\u00e0 di ricerca applicata in Europa. Essa partecipa ad HDFI per mezzo del suo Fraunhofer Institute for Integrated Circuits IIS\u00a0(Fraunhofer IIS), che lavora nell\u2019ambito della codifica audio e video e del signal processing da oltre 25 anni. Fraunhofer IIS \u00e8 stato il principale&hellip;\" \/>\n<meta property=\"og:url\" content=\"https:\/\/dev.hdforumitalia.it\/it\/fraunhofer-iis\/\" \/>\n<meta property=\"og:site_name\" content=\"HD Forum Italia\" \/>\n<meta property=\"article:modified_time\" content=\"2021-10-15T13:46:04+00:00\" \/>\n<meta property=\"og:image\" content=\"http:\/\/dev.hdforumitalia.it\/wp-content\/uploads\/2021\/03\/fraunhofer.png\" \/>\n<meta name=\"twitter:card\" content=\"summary_large_image\" \/>\n<meta name=\"twitter:label1\" content=\"Est. reading time\" \/>\n\t<meta name=\"twitter:data1\" content=\"1 minute\" \/>\n<script type=\"application\/ld+json\" class=\"yoast-schema-graph\">{\"@context\":\"https:\/\/schema.org\",\"@graph\":[{\"@type\":\"WebPage\",\"@id\":\"https:\/\/dev.hdforumitalia.it\/it\/fraunhofer-iis\/\",\"url\":\"https:\/\/dev.hdforumitalia.it\/it\/fraunhofer-iis\/\",\"name\":\"Fraunhofer IIS - HD Forum Italia\",\"isPartOf\":{\"@id\":\"https:\/\/dev.hdforumitalia.it\/it\/#website\"},\"primaryImageOfPage\":{\"@id\":\"https:\/\/dev.hdforumitalia.it\/it\/fraunhofer-iis\/#primaryimage\"},\"image\":{\"@id\":\"https:\/\/dev.hdforumitalia.it\/it\/fraunhofer-iis\/#primaryimage\"},\"thumbnailUrl\":\"http:\/\/dev.hdforumitalia.it\/wp-content\/uploads\/2021\/03\/fraunhofer.png\",\"datePublished\":\"2021-10-15T13:45:25+00:00\",\"dateModified\":\"2021-10-15T13:46:04+00:00\",\"breadcrumb\":{\"@id\":\"https:\/\/dev.hdforumitalia.it\/it\/fraunhofer-iis\/#breadcrumb\"},\"inLanguage\":\"en-US\",\"potentialAction\":[{\"@type\":\"ReadAction\",\"target\":[\"https:\/\/dev.hdforumitalia.it\/it\/fraunhofer-iis\/\"]}]},{\"@type\":\"ImageObject\",\"inLanguage\":\"en-US\",\"@id\":\"https:\/\/dev.hdforumitalia.it\/it\/fraunhofer-iis\/#primaryimage\",\"url\":\"http:\/\/dev.hdforumitalia.it\/wp-content\/uploads\/2021\/03\/fraunhofer.png\",\"contentUrl\":\"http:\/\/dev.hdforumitalia.it\/wp-content\/uploads\/2021\/03\/fraunhofer.png\"},{\"@type\":\"BreadcrumbList\",\"@id\":\"https:\/\/dev.hdforumitalia.it\/it\/fraunhofer-iis\/#breadcrumb\",\"itemListElement\":[{\"@type\":\"ListItem\",\"position\":1,\"name\":\"Home\",\"item\":\"https:\/\/dev.hdforumitalia.it\/it\/\"},{\"@type\":\"ListItem\",\"position\":2,\"name\":\"Fraunhofer IIS\"}]},{\"@type\":\"WebSite\",\"@id\":\"https:\/\/dev.hdforumitalia.it\/it\/#website\",\"url\":\"https:\/\/dev.hdforumitalia.it\/it\/\",\"name\":\"HD Forum Italia\",\"description\":\"Beyond Definition\",\"publisher\":{\"@id\":\"https:\/\/dev.hdforumitalia.it\/it\/#organization\"},\"potentialAction\":[{\"@type\":\"SearchAction\",\"target\":{\"@type\":\"EntryPoint\",\"urlTemplate\":\"https:\/\/dev.hdforumitalia.it\/it\/?s={search_term_string}\"},\"query-input\":{\"@type\":\"PropertyValueSpecification\",\"valueRequired\":true,\"valueName\":\"search_term_string\"}}],\"inLanguage\":\"en-US\"},{\"@type\":\"Organization\",\"@id\":\"https:\/\/dev.hdforumitalia.it\/it\/#organization\",\"name\":\"HD Forum Italia\",\"url\":\"https:\/\/dev.hdforumitalia.it\/it\/\",\"logo\":{\"@type\":\"ImageObject\",\"inLanguage\":\"en-US\",\"@id\":\"https:\/\/dev.hdforumitalia.it\/it\/#\/schema\/logo\/image\/\",\"url\":\"https:\/\/dev.hdforumitalia.it\/wp-content\/uploads\/2021\/11\/Logo-Ultra-HD-Forum.jpg\",\"contentUrl\":\"https:\/\/dev.hdforumitalia.it\/wp-content\/uploads\/2021\/11\/Logo-Ultra-HD-Forum.jpg\",\"width\":859,\"height\":411,\"caption\":\"HD Forum Italia\"},\"image\":{\"@id\":\"https:\/\/dev.hdforumitalia.it\/it\/#\/schema\/logo\/image\/\"}}]}<\/script>\n<!-- \/ Yoast SEO plugin. -->","yoast_head_json":{"title":"Fraunhofer IIS - HD Forum Italia","robots":{"index":"index","follow":"follow","max-snippet":"max-snippet:-1","max-image-preview":"max-image-preview:large","max-video-preview":"max-video-preview:-1"},"canonical":"https:\/\/dev.hdforumitalia.it\/it\/fraunhofer-iis\/","og_locale":"en_US","og_type":"article","og_title":"Fraunhofer IIS - HD Forum Italia","og_description":"Fraunhofer Gesellschaft zur F\u00f6rderung der angewandten Forschung e.V. \u00e8 la pi\u00f9 grande societ\u00e0 di ricerca applicata in Europa. Essa partecipa ad HDFI per mezzo del suo Fraunhofer Institute for Integrated Circuits IIS\u00a0(Fraunhofer IIS), che lavora nell\u2019ambito della codifica audio e video e del signal processing da oltre 25 anni. Fraunhofer IIS \u00e8 stato il principale&hellip;","og_url":"https:\/\/dev.hdforumitalia.it\/it\/fraunhofer-iis\/","og_site_name":"HD Forum Italia","article_modified_time":"2021-10-15T13:46:04+00:00","og_image":[{"url":"http:\/\/dev.hdforumitalia.it\/wp-content\/uploads\/2021\/03\/fraunhofer.png","type":"","width":"","height":""}],"twitter_card":"summary_large_image","twitter_misc":{"Est. reading time":"1 minute"},"schema":{"@context":"https:\/\/schema.org","@graph":[{"@type":"WebPage","@id":"https:\/\/dev.hdforumitalia.it\/it\/fraunhofer-iis\/","url":"https:\/\/dev.hdforumitalia.it\/it\/fraunhofer-iis\/","name":"Fraunhofer IIS - HD Forum Italia","isPartOf":{"@id":"https:\/\/dev.hdforumitalia.it\/it\/#website"},"primaryImageOfPage":{"@id":"https:\/\/dev.hdforumitalia.it\/it\/fraunhofer-iis\/#primaryimage"},"image":{"@id":"https:\/\/dev.hdforumitalia.it\/it\/fraunhofer-iis\/#primaryimage"},"thumbnailUrl":"http:\/\/dev.hdforumitalia.it\/wp-content\/uploads\/2021\/03\/fraunhofer.png","datePublished":"2021-10-15T13:45:25+00:00","dateModified":"2021-10-15T13:46:04+00:00","breadcrumb":{"@id":"https:\/\/dev.hdforumitalia.it\/it\/fraunhofer-iis\/#breadcrumb"},"inLanguage":"en-US","potentialAction":[{"@type":"ReadAction","target":["https:\/\/dev.hdforumitalia.it\/it\/fraunhofer-iis\/"]}]},{"@type":"ImageObject","inLanguage":"en-US","@id":"https:\/\/dev.hdforumitalia.it\/it\/fraunhofer-iis\/#primaryimage","url":"http:\/\/dev.hdforumitalia.it\/wp-content\/uploads\/2021\/03\/fraunhofer.png","contentUrl":"http:\/\/dev.hdforumitalia.it\/wp-content\/uploads\/2021\/03\/fraunhofer.png"},{"@type":"BreadcrumbList","@id":"https:\/\/dev.hdforumitalia.it\/it\/fraunhofer-iis\/#breadcrumb","itemListElement":[{"@type":"ListItem","position":1,"name":"Home","item":"https:\/\/dev.hdforumitalia.it\/it\/"},{"@type":"ListItem","position":2,"name":"Fraunhofer IIS"}]},{"@type":"WebSite","@id":"https:\/\/dev.hdforumitalia.it\/it\/#website","url":"https:\/\/dev.hdforumitalia.it\/it\/","name":"HD Forum Italia","description":"Beyond Definition","publisher":{"@id":"https:\/\/dev.hdforumitalia.it\/it\/#organization"},"potentialAction":[{"@type":"SearchAction","target":{"@type":"EntryPoint","urlTemplate":"https:\/\/dev.hdforumitalia.it\/it\/?s={search_term_string}"},"query-input":{"@type":"PropertyValueSpecification","valueRequired":true,"valueName":"search_term_string"}}],"inLanguage":"en-US"},{"@type":"Organization","@id":"https:\/\/dev.hdforumitalia.it\/it\/#organization","name":"HD Forum Italia","url":"https:\/\/dev.hdforumitalia.it\/it\/","logo":{"@type":"ImageObject","inLanguage":"en-US","@id":"https:\/\/dev.hdforumitalia.it\/it\/#\/schema\/logo\/image\/","url":"https:\/\/dev.hdforumitalia.it\/wp-content\/uploads\/2021\/11\/Logo-Ultra-HD-Forum.jpg","contentUrl":"https:\/\/dev.hdforumitalia.it\/wp-content\/uploads\/2021\/11\/Logo-Ultra-HD-Forum.jpg","width":859,"height":411,"caption":"HD Forum Italia"},"image":{"@id":"https:\/\/dev.hdforumitalia.it\/it\/#\/schema\/logo\/image\/"}}]}},"_links":{"self":[{"href":"https:\/\/dev.hdforumitalia.it\/it\/wp-json\/wp\/v2\/pages\/2880","targetHints":{"allow":["GET"]}}],"collection":[{"href":"https:\/\/dev.hdforumitalia.it\/it\/wp-json\/wp\/v2\/pages"}],"about":[{"href":"https:\/\/dev.hdforumitalia.it\/it\/wp-json\/wp\/v2\/types\/page"}],"author":[{"embeddable":true,"href":"https:\/\/dev.hdforumitalia.it\/it\/wp-json\/wp\/v2\/users\/1"}],"replies":[{"embeddable":true,"href":"https:\/\/dev.hdforumitalia.it\/it\/wp-json\/wp\/v2\/comments?post=2880"}],"version-history":[{"count":4,"href":"https:\/\/dev.hdforumitalia.it\/it\/wp-json\/wp\/v2\/pages\/2880\/revisions"}],"predecessor-version":[{"id":2884,"href":"https:\/\/dev.hdforumitalia.it\/it\/wp-json\/wp\/v2\/pages\/2880\/revisions\/2884"}],"wp:attachment":[{"href":"https:\/\/dev.hdforumitalia.it\/it\/wp-json\/wp\/v2\/media?parent=2880"}],"curies":[{"name":"wp","href":"https:\/\/api.w.org\/{rel}","templated":true}]}}